{"id":87,"date":"2025-10-21T17:32:27","date_gmt":"2025-10-21T17:32:27","guid":{"rendered":"https:\/\/ssidesarrollo.wpenginepowered.com\/?page_id=87"},"modified":"2025-10-23T21:26:47","modified_gmt":"2025-10-23T21:26:47","slug":"pricing-page","status":"publish","type":"page","link":"https:\/\/sustainable-si.com\/?page_id=87","title":{"rendered":"Nuestros Clientes"},"content":{"rendered":"\n<div class=\"wp-block-media-text alignfull is-stacked-on-mobile gb-slate-section-media-and-text gb-slate-section-media-text has-background\" style=\"background-color:#ffffff\"><figure class=\"wp-block-media-text__media\"><img loading=\"lazy\" decoding=\"async\" width=\"704\" height=\"939\" src=\"https:\/\/sustainable-si.com\/wp-content\/uploads\/2025\/10\/Nuestros-clientes.jpg\" alt=\"\" class=\"wp-image-32 size-full\" srcset=\"https:\/\/sustainable-si.com\/wp-content\/uploads\/2025\/10\/Nuestros-clientes.jpg 704w, https:\/\/sustainable-si.com\/wp-content\/uploads\/2025\/10\/Nuestros-clientes-225x300.jpg 225w, https:\/\/sustainable-si.com\/wp-content\/uploads\/2025\/10\/Nuestros-clientes-300x400.jpg 300w\" sizes=\"auto, (max-width: 704px) 100vw, 704px\" \/><\/figure><div class=\"wp-block-media-text__content\">\n<div style=\"height:20px\" aria-hidden=\"true\" class=\"wp-block-spacer\"><\/div>\n\n\n\n<h2 class=\"wp-block-heading has-text-color\" style=\"color:#1f1f1f;font-size:30px\"><strong>Nuestros clientes<\/strong><\/h2>\n\n\n\n<p class=\"has-text-color\" style=\"color:#1f1f1f\">T\u00fa tambi\u00e9n puedes ser parte de nuestros clientes satisfechos con el servicio de verificaci\u00f3n y en cumplimiento con las leyes y normas vigentes. Tenemos como principal compromiso el dar un servicio de calidad, ayudando a nuestros clientes a:<\/p>\n\n\n\n<ul class=\"wp-block-list\">\n<li>Garantizar el cumplimiento de regulaciones y normas de emisiones de Gases de Efecto Invernadero.<\/li>\n\n\n\n<li>Contribuir al desarrollo sostenible.<\/li>\n\n\n\n<li>Cumplir con los requisitos t\u00e9cnicos de las declaraciones de emisiones de GEI.<\/li>\n\n\n\n<li>Garantizar su desempe\u00f1o \u00f3ptimo y la confiabilidad de las instalaciones, equipos y procesos.<\/li>\n\n\n\n<li>Asegurar una ventaja competitiva a trav\u00e9s de la certificaci\u00f3n.<\/li>\n\n\n\n<li>Identificar y diseminar buenas pr\u00e1cticas.<\/li>\n\n\n\n<li>Desarrollar las habilidades t\u00e9cnicas del personal.<\/li>\n\n\n\n<li>Dar un seguimiento oportuno a sus&nbsp;necesidades.<\/li>\n<\/ul>\n\n\n\n<div class=\"wp-block-buttons is-layout-flex wp-block-buttons-is-layout-flex\" style=\"letter-spacing:2px\">\n<div class=\"wp-block-button\"><a class=\"wp-block-button__link has-theme-primary-background-color has-text-color has-background wp-element-button\" href=\"https:\/\/sustainable-si.com\/?page_id=85\" style=\"border-radius:4px;color:#ffffff\"><strong>Contacto<\/strong><\/a><\/div>\n<\/div>\n<\/div><\/div>\n\n\n\n<div style=\"color:#ddd\" class=\"wp-block-genesis-blocks-gb-spacer gb-block-spacer gb-divider-solid gb-divider-size-1\"><hr style=\"height:30px\"\/><\/div>\n\n\n\n<h2 class=\"wp-block-heading has-text-align-center\" style=\"font-size:30px\"><strong>Nuestra experiencia<\/strong><\/h2>\n\n\n\n<div class=\"wp-block-genesis-blocks-gb-columns gb-slate-section-feature-image-and-text-columns gb-slate-section-feature-image-columns gb-layout-columns-1 one-column has-white-background-color gb-has-custom-text-color gb-columns-center alignfull\" style=\"padding-right:1em;padding-left:1em;color:#1f1f1f\"><div class=\"gb-layout-column-wrap gb-block-layout-column-gap-2 gb-is-responsive-column\" style=\"max-width:1200px\">\n<div class=\"wp-block-genesis-blocks-gb-column gb-block-layout-column\"><div class=\"gb-block-layout-column-inner has-white-background-color\">\n<div class=\"wp-block-genesis-blocks-gb-columns gb-layout-columns-2 gb-2-col-equal\"><div class=\"gb-layout-column-wrap gb-block-layout-column-gap-3 gb-is-responsive-column\">\n<div class=\"wp-block-genesis-blocks-gb-column gb-block-layout-column\"><div class=\"gb-block-layout-column-inner\"><div class=\"wp-block-image is-style-rounded\">\n<figure class=\"aligncenter size-full is-resized\"><img loading=\"lazy\" decoding=\"async\" width=\"900\" height=\"618\" src=\"https:\/\/sustainable-si.com\/wp-content\/uploads\/2025\/10\/Nuestra-experiencia-1.jpeg\" alt=\"\" class=\"wp-image-28\" style=\"object-fit:cover;width:200px;height:200px\" srcset=\"https:\/\/sustainable-si.com\/wp-content\/uploads\/2025\/10\/Nuestra-experiencia-1.jpeg 900w, https:\/\/sustainable-si.com\/wp-content\/uploads\/2025\/10\/Nuestra-experiencia-1-300x206.jpeg 300w, https:\/\/sustainable-si.com\/wp-content\/uploads\/2025\/10\/Nuestra-experiencia-1-768x527.jpeg 768w\" sizes=\"auto, (max-width: 900px) 100vw, 900px\" \/><\/figure>\n<\/div>\n\n\n<h3 class=\"wp-block-heading has-text-align-center has-text-color\" style=\"color:#1f1f1f;font-size:26px\">+150 verificaciones en el sector industrial<\/h3>\n\n\n\n<p class=\"has-text-align-center has-text-color\" style=\"color:#1f1f1f\">Entre ellos resaltan los subsectores de miner\u00eda, acer\u00eda, qu\u00edmica, automotriz, cemento, cal, y petroqu\u00edmica.<\/p>\n<\/div><\/div>\n\n\n\n<div class=\"wp-block-genesis-blocks-gb-column gb-block-layout-column\"><div class=\"gb-block-layout-column-inner\"><div class=\"wp-block-image is-style-rounded\">\n<figure class=\"aligncenter size-full is-resized\"><img loading=\"lazy\" decoding=\"async\" width=\"900\" height=\"686\" src=\"https:\/\/sustainable-si.com\/wp-content\/uploads\/2025\/10\/Nuestra-experiencia-2.jpeg\" alt=\"\" class=\"wp-image-29\" style=\"object-fit:cover;width:200px;height:200px\" srcset=\"https:\/\/sustainable-si.com\/wp-content\/uploads\/2025\/10\/Nuestra-experiencia-2.jpeg 900w, https:\/\/sustainable-si.com\/wp-content\/uploads\/2025\/10\/Nuestra-experiencia-2-300x229.jpeg 300w, https:\/\/sustainable-si.com\/wp-content\/uploads\/2025\/10\/Nuestra-experiencia-2-768x585.jpeg 768w\" sizes=\"auto, (max-width: 900px) 100vw, 900px\" \/><\/figure>\n<\/div>\n\n\n<h3 class=\"wp-block-heading has-text-align-center has-text-color\" style=\"color:#1f1f1f;font-size:26px\">+100 verificaciones en el sector de energ\u00eda<\/h3>\n\n\n\n<p class=\"has-text-align-center has-text-color\" style=\"color:#1f1f1f\">Incluyendo generaci\u00f3n de energ\u00eda el\u00e9ctrica y transporte de hidrocarburos para empresas p\u00fablicas y privadas.<\/p>\n<\/div><\/div>\n<\/div><\/div>\n\n\n\n<div class=\"wp-block-genesis-blocks-gb-columns gb-layout-columns-2 gb-2-col-equal\"><div class=\"gb-layout-column-wrap gb-block-layout-column-gap-3 gb-is-responsive-column\">\n<div class=\"wp-block-genesis-blocks-gb-column gb-block-layout-column\"><div class=\"gb-block-layout-column-inner\"><div class=\"wp-block-image is-style-rounded\">\n<figure class=\"aligncenter size-full is-resized\"><img loading=\"lazy\" decoding=\"async\" width=\"900\" height=\"599\" src=\"https:\/\/sustainable-si.com\/wp-content\/uploads\/2025\/10\/Nuestra-experiencia-3.jpeg\" alt=\"\" class=\"wp-image-30\" style=\"object-fit:cover;width:200px;height:200px\" srcset=\"https:\/\/sustainable-si.com\/wp-content\/uploads\/2025\/10\/Nuestra-experiencia-3.jpeg 900w, https:\/\/sustainable-si.com\/wp-content\/uploads\/2025\/10\/Nuestra-experiencia-3-300x200.jpeg 300w, https:\/\/sustainable-si.com\/wp-content\/uploads\/2025\/10\/Nuestra-experiencia-3-768x511.jpeg 768w, https:\/\/sustainable-si.com\/wp-content\/uploads\/2025\/10\/Nuestra-experiencia-3-600x400.jpeg 600w\" sizes=\"auto, (max-width: 900px) 100vw, 900px\" \/><\/figure>\n<\/div>\n\n\n<h3 class=\"wp-block-heading has-text-align-center has-text-color\" style=\"color:#1f1f1f;font-size:26px\">+10 verificaciones en otros sectores<\/h3>\n\n\n\n<p class=\"has-text-align-center has-text-color\" style=\"color:#1f1f1f\">Incluyendo transporte, y comercio y servicios en diferentes puntos de la rep\u00fablica mexicana.<\/p>\n<\/div><\/div>\n\n\n\n<div class=\"wp-block-genesis-blocks-gb-column gb-block-layout-column\"><div class=\"gb-block-layout-column-inner\"><div class=\"wp-block-image is-style-rounded\">\n<figure class=\"aligncenter size-full is-resized\"><img loading=\"lazy\" decoding=\"async\" width=\"900\" height=\"1125\" src=\"https:\/\/sustainable-si.com\/wp-content\/uploads\/2025\/10\/Nuestra-experiencia-4.jpeg\" alt=\"\" class=\"wp-image-31\" style=\"object-fit:cover;width:200px;height:200px\" srcset=\"https:\/\/sustainable-si.com\/wp-content\/uploads\/2025\/10\/Nuestra-experiencia-4.jpeg 900w, https:\/\/sustainable-si.com\/wp-content\/uploads\/2025\/10\/Nuestra-experiencia-4-240x300.jpeg 240w, https:\/\/sustainable-si.com\/wp-content\/uploads\/2025\/10\/Nuestra-experiencia-4-819x1024.jpeg 819w, https:\/\/sustainable-si.com\/wp-content\/uploads\/2025\/10\/Nuestra-experiencia-4-768x960.jpeg 768w, https:\/\/sustainable-si.com\/wp-content\/uploads\/2025\/10\/Nuestra-experiencia-4-300x375.jpeg 300w\" sizes=\"auto, (max-width: 900px) 100vw, 900px\" \/><\/figure>\n<\/div>\n\n\n<h3 class=\"wp-block-heading has-text-align-center has-text-color\" style=\"color:#1f1f1f;font-size:26px\">+10 proyectos en el extranjero<\/h3>\n\n\n\n<p class=\"has-text-align-center has-text-color\" style=\"color:#1f1f1f\">Verificando inventarios en otros pa\u00edses de Am\u00e9rica Latina.<\/p>\n<\/div><\/div>\n<\/div><\/div>\n<\/div><\/div>\n<\/div><\/div>\n\n\n\n<div style=\"background-color:#0b0b0b;padding-left:5%;padding-right:5%;padding-bottom:15%;padding-top:15%\" class=\"wp-block-genesis-blocks-gb-container gb-layout-hero-1 gb-block-container alignfull\"><div class=\"gb-container-inside\"><div class=\"gb-container-image-wrap\"><img decoding=\"async\" class=\"gb-container-image has-background-dim\" object-fit=\"cover\"  src=\"https:\/\/sustainable-si.com\/wp-content\/uploads\/2025\/10\/qwueja.jpeg\" alt=\"\"\/><\/div><div class=\"gb-container-content\" style=\"max-width:850px\">\n<h2 class=\"wp-block-heading has-text-align-center gb-white-text\"><strong>Queja, apelaci\u00f3n y sugerencia<\/strong><\/h2>\n\n\n\n<p class=\"has-text-align-center has-text-color\" style=\"color:#ffffff\">Siguiendo con el compromiso de dar una atenci\u00f3n y seguimiento oportuno a sus clientes, Sustainable Solutions hace p\u00fablico los procedimientos que deben de seguir los clientes para realizar una queja, apelaci\u00f3n o sugerencia.<\/p>\n\n\n\n<p class=\"has-text-align-center has-text-color\" style=\"color:#ffffff\">Sustainable Solutions dar\u00e1 una atenci\u00f3n y respuesta apropiada a las necesidades de nuestros clientes. <\/p>\n\n\n\n<div class=\"wp-block-buttons is-content-justification-center is-layout-flex wp-container-core-buttons-is-layout-16018d1d wp-block-buttons-is-layout-flex\">\n<div class=\"wp-block-button\"><a class=\"wp-block-button__link has-theme-primary-background-color has-background wp-element-button\" href=\"https:\/\/sustainable-si.com\/wp-content\/uploads\/2025\/10\/PROCEDIMIENTO-SOLICITUD-DE-QUEJAS-SUGERENCIAS-Y-APELACIONES-PROC_SGI_005_N.pdf\"><strong>procedimiento de Queja, Apelaci\u00f3n y sugerencia<\/strong><\/a><\/div>\n\n\n\n<div class=\"wp-block-button\"><a class=\"wp-block-button__link has-theme-primary-background-color has-background wp-element-button\" href=\"https:\/\/sustainable-si.com\/wp-content\/uploads\/2025\/10\/SOLICITUD-DE-APELACION-QUEJA-O-SUGERENCIA-FOR_SGI_002.docx\"><strong>Formato de Solicitud de queja, apelaci\u00f3n y sugerencia<\/strong><\/a><\/div>\n<\/div>\n<\/div><\/div><\/div>\n\n\n\n<p><\/p>\n","protected":false},"excerpt":{"rendered":"<p>Nuestra experiencia<\/p>\n","protected":false},"author":2,"featured_media":0,"parent":0,"menu_order":0,"comment_status":"closed","ping_status":"closed","template":"","meta":{"_genesis_hide_title":true,"_genesis_hide_breadcrumbs":false,"_genesis_hide_singular_image":false,"_genesis_hide_footer_widgets":false,"_genesis_custom_body_class":"","_genesis_custom_post_class":"","_genesis_layout":"","footnotes":""},"class_list":{"0":"post-87","1":"page","2":"type-page","3":"status-publish","5":"entry"},"featured_image_src":null,"featured_image_src_square":null,"_links":{"self":[{"href":"https:\/\/sustainable-si.com\/index.php?rest_route=\/wp\/v2\/pages\/87","targetHints":{"allow":["GET"]}}],"collection":[{"href":"https:\/\/sustainable-si.com\/index.php?rest_route=\/wp\/v2\/pages"}],"about":[{"href":"https:\/\/sustainable-si.com\/index.php?rest_route=\/wp\/v2\/types\/page"}],"author":[{"embeddable":true,"href":"https:\/\/sustainable-si.com\/index.php?rest_route=\/wp\/v2\/users\/2"}],"replies":[{"embeddable":true,"href":"https:\/\/sustainable-si.com\/index.php?rest_route=%2Fwp%2Fv2%2Fcomments&post=87"}],"version-history":[{"count":0,"href":"https:\/\/sustainable-si.com\/index.php?rest_route=\/wp\/v2\/pages\/87\/revisions"}],"wp:attachment":[{"href":"https:\/\/sustainable-si.com\/index.php?rest_route=%2Fwp%2Fv2%2Fmedia&parent=87"}],"curies":[{"name":"wp","href":"https:\/\/api.w.org\/{rel}","templated":true}]}}