{"id":86,"date":"2025-10-21T17:32:27","date_gmt":"2025-10-21T17:32:27","guid":{"rendered":"https:\/\/ssidesarrollo.wpenginepowered.com\/?page_id=86"},"modified":"2025-10-23T21:03:58","modified_gmt":"2025-10-23T21:03:58","slug":"landing-page","status":"publish","type":"page","link":"https:\/\/sustainable-si.com\/?page_id=86","title":{"rendered":"Cuestionario Cotizaci\u00f3n"},"content":{"rendered":"\n<div class=\"wp-block-cover alignfull\" style=\"min-height:284px;aspect-ratio:unset;\"><img loading=\"lazy\" decoding=\"async\" width=\"800\" height=\"400\" class=\"wp-block-cover__image-background wp-image-50\" alt=\"\" src=\"https:\/\/sustainable-si.com\/wp-content\/uploads\/2025\/10\/quimica.png\" data-object-fit=\"cover\" srcset=\"https:\/\/sustainable-si.com\/wp-content\/uploads\/2025\/10\/quimica.png 800w, https:\/\/sustainable-si.com\/wp-content\/uploads\/2025\/10\/quimica-300x150.png 300w, https:\/\/sustainable-si.com\/wp-content\/uploads\/2025\/10\/quimica-768x384.png 768w\" sizes=\"auto, (max-width: 800px) 100vw, 800px\" \/><span aria-hidden=\"true\" class=\"wp-block-cover__background has-background-dim\"><\/span><div class=\"wp-block-cover__inner-container is-layout-flow wp-block-cover-is-layout-flow\">\n<h2 class=\"wp-block-heading alignwide has-text-align-left bold-text fade-in-up\" style=\"font-size:60px\">Solicita tu cotizaci\u00f3n<\/h2>\n\n\n\n<h2 class=\"wp-block-heading alignwide has-normal-font-size\" style=\"line-height:2.9\">Llena el siguiente formulario para hacerte llegar una cotizaci\u00f3n de acuerdo con las necesidades de tu empresa.<\/h2>\n<\/div><\/div>\n\n\n<style id=\"wpforms-css-vars-145-block-9c5056bc-a141-41d4-9411-a6e5ac587086\">\n\t\t\t\t#wpforms-145.wpforms-block-9c5056bc-a141-41d4-9411-a6e5ac587086 {\n\t\t\t\t--wpforms-label-color: rgba(0, 0, 0, 0.85);\n--wpforms-label-sublabel-color: rgba(0, 0, 0, 0.55);\n--wpforms-field-border-color: rgba(0, 0, 0, 0.25);\n--wpforms-field-border-color-spare: rgba(0, 0, 0, 0.25);\n--wpforms-field-text-color: rgba(0, 0, 0, 0.7);\n--wpforms-button-border-radius: 4px;\n--wpforms-button-background-color: #19520A;\n--wpforms-field-size-input-height: 43px;\n--wpforms-field-size-input-spacing: 15px;\n--wpforms-field-size-font-size: 16px;\n--wpforms-field-size-line-height: 19px;\n--wpforms-field-size-padding-h: 14px;\n--wpforms-field-size-checkbox-size: 16px;\n--wpforms-field-size-sublabel-spacing: 5px;\n--wpforms-field-size-icon-size: 1;\n--wpforms-label-size-font-size: 16px;\n--wpforms-label-size-line-height: 19px;\n--wpforms-label-size-sublabel-font-size: 14px;\n--wpforms-label-size-sublabel-line-height: 17px;\n--wpforms-button-size-font-size: 20px;\n--wpforms-button-size-height: 48px;\n--wpforms-button-size-padding-h: 20px;\n--wpforms-button-size-margin-top: 15px;\n\t\t\t}\n\t\t\t<\/style><div class=\"wpforms-container wpforms-container-full wpforms-block wpforms-block-9c5056bc-a141-41d4-9411-a6e5ac587086 wpforms-render-modern\" id=\"wpforms-145\"><form id=\"wpforms-form-145\" class=\"wpforms-validate wpforms-form wpforms-ajax-form\" data-formid=\"145\" method=\"post\" enctype=\"multipart\/form-data\" action=\"\/index.php?rest_route=%2Fwp%2Fv2%2Fpages%2F86\" data-token=\"fbe345308bb72f87a5375b572e67b0e3\" data-token-time=\"1777109835\"><noscript class=\"wpforms-error-noscript\">Please enable JavaScript in your browser to complete this form.<\/noscript><div id=\"wpforms-error-noscript\" style=\"display: none;\">Please enable JavaScript in your browser to complete this form.<\/div><div class=\"wpforms-field-container\"><div id=\"wpforms-145-field_1-container\" class=\"wpforms-field wpforms-field-text\" data-field-id=\"1\"><label class=\"wpforms-field-label\" for=\"wpforms-145-field_1\">Raz\u00f3n social de la empresa a verificar <span class=\"wpforms-required-label\" aria-hidden=\"true\">*<\/span><\/label><input type=\"text\" id=\"wpforms-145-field_1\" class=\"wpforms-field-medium wpforms-field-required\" name=\"wpforms[fields][1]\" aria-errormessage=\"wpforms-145-field_1-error\" required><\/div><div id=\"wpforms-145-field_3-container\" class=\"wpforms-field wpforms-field-text\" data-field-id=\"3\"><label class=\"wpforms-field-label\" for=\"wpforms-145-field_3\">Direcci\u00f3n de la empresa <span class=\"wpforms-required-label\" aria-hidden=\"true\">*<\/span><\/label><input type=\"text\" id=\"wpforms-145-field_3\" class=\"wpforms-field-medium wpforms-field-required\" name=\"wpforms[fields][3]\" aria-errormessage=\"wpforms-145-field_3-error\" required><\/div><div id=\"wpforms-145-field_2-container\" class=\"wpforms-field wpforms-field-name\" data-field-id=\"2\"><label class=\"wpforms-field-label\" for=\"wpforms-145-field_2\">Persona de contacto <span class=\"wpforms-required-label\" aria-hidden=\"true\">*<\/span><\/label><input type=\"text\" id=\"wpforms-145-field_2\" class=\"wpforms-field-medium wpforms-field-required\" name=\"wpforms[fields][2]\" aria-errormessage=\"wpforms-145-field_2-error\" aria-describedby=\"wpforms-145-field_2-description\" required><div id=\"wpforms-145-field_2-description\" class=\"wpforms-field-description\">Nombre y apellido<\/div><\/div><div id=\"wpforms-145-field_4-container\" class=\"wpforms-field wpforms-field-text\" data-field-id=\"4\"><label class=\"wpforms-field-label\" for=\"wpforms-145-field_4\">Puesto<\/label><input type=\"text\" id=\"wpforms-145-field_4\" class=\"wpforms-field-medium\" name=\"wpforms[fields][4]\" aria-errormessage=\"wpforms-145-field_4-error\" ><\/div><div id=\"wpforms-145-field_5-container\" class=\"wpforms-field wpforms-field-number\" data-field-id=\"5\"><label class=\"wpforms-field-label\" for=\"wpforms-145-field_5\">Tel\u00e9fono de contacto <span class=\"wpforms-required-label\" aria-hidden=\"true\">*<\/span><\/label><input type=\"number\" id=\"wpforms-145-field_5\" class=\"wpforms-field-medium wpforms-field-required\" name=\"wpforms[fields][5]\" step=\"any\" aria-errormessage=\"wpforms-145-field_5-error\" required><\/div><div id=\"wpforms-145-field_6-container\" class=\"wpforms-field wpforms-field-email\" data-field-id=\"6\"><label class=\"wpforms-field-label\" for=\"wpforms-145-field_6\">Correo electr\u00f3nico <span class=\"wpforms-required-label\" aria-hidden=\"true\">*<\/span><\/label><input type=\"email\" id=\"wpforms-145-field_6\" class=\"wpforms-field-medium wpforms-field-required\" name=\"wpforms[fields][6]\" spellcheck=\"false\" aria-errormessage=\"wpforms-145-field_6-error\" required><\/div><div id=\"wpforms-145-field_7-container\" class=\"wpforms-field wpforms-field-select wpforms-field-select-style-classic\" data-field-id=\"7\"><label class=\"wpforms-field-label\" for=\"wpforms-145-field_7\">Programa de verificaci\u00f3n <span class=\"wpforms-required-label\" aria-hidden=\"true\">*<\/span><\/label><select id=\"wpforms-145-field_7\" class=\"wpforms-field-medium wpforms-field-required\" name=\"wpforms[fields][7]\" required=\"required\"><option value=\"\" class=\"placeholder\" disabled  selected='selected'>&#8212; Select Choice &#8212;<\/option><option value=\"RENE\"  class=\"choice-1 depth-1\"  >RENE<\/option><option value=\"SCE\"  class=\"choice-2 depth-1\"  >SCE<\/option><option value=\"Doble alcance (RENE\/SCE)\"  class=\"choice-6 depth-1\"  >Doble alcance (RENE\/SCE)<\/option><option value=\"ISO 14064-1\/GHG Protocol\"  class=\"choice-3 depth-1\"  >ISO 14064-1\/GHG Protocol<\/option><option value=\"Impuesto GEI Quer\u00e9taro (SEDESU)\"  class=\"choice-4 depth-1\"  >Impuesto GEI Quer\u00e9taro (SEDESU)<\/option><option value=\"RTH Panam\u00e1\"  class=\"choice-5 depth-1\"  >RTH Panam\u00e1<\/option><\/select><\/div><div id=\"wpforms-145-field_8-container\" class=\"wpforms-field wpforms-field-select wpforms-field-select-style-classic\" data-field-id=\"8\"><label class=\"wpforms-field-label\" for=\"wpforms-145-field_8\">Sector <span class=\"wpforms-required-label\" aria-hidden=\"true\">*<\/span><\/label><select id=\"wpforms-145-field_8\" class=\"wpforms-field-medium wpforms-field-required\" name=\"wpforms[fields][8]\" required=\"required\"><option value=\"\" class=\"placeholder\" disabled  selected='selected'>&#8212; Select Choice &#8212;<\/option><option value=\"Industrial\"  class=\"choice-1 depth-1\"  >Industrial<\/option><option value=\"Energ\u00eda\"  class=\"choice-2 depth-1\"  >Energ\u00eda<\/option><option value=\"Transporte\"  class=\"choice-4 depth-1\"  >Transporte<\/option><option value=\"Comercio y Servicios\"  class=\"choice-5 depth-1\"  >Comercio y Servicios<\/option><\/select><\/div><div id=\"wpforms-145-field_9-container\" class=\"wpforms-field wpforms-field-textarea\" data-field-id=\"9\"><label class=\"wpforms-field-label\" for=\"wpforms-145-field_9\">Descripci\u00f3n de su principal actividad<\/label><textarea id=\"wpforms-145-field_9\" class=\"wpforms-field-medium\" name=\"wpforms[fields][9]\" aria-errormessage=\"wpforms-145-field_9-error\" ><\/textarea><\/div>\t\t<div id=\"wpforms-145-field_12-container\"\n\t\t\tclass=\"wpforms-field wpforms-field-text\"\n\t\t\tdata-field-type=\"text\"\n\t\t\tdata-field-id=\"12\"\n\t\t\t>\n\t\t\t<label class=\"wpforms-field-label\" for=\"wpforms-145-field_12\" >contacto de empresa?<\/label>\n\t\t\t<input type=\"text\" id=\"wpforms-145-field_12\" class=\"wpforms-field-medium\" name=\"wpforms[fields][12]\" >\n\t\t<\/div>\n\t\t<div id=\"wpforms-145-field_10-container\" class=\"wpforms-field wpforms-field-checkbox wpforms-list-inline\" data-field-id=\"10\"><fieldset><legend class=\"wpforms-field-label\">Alcances a incluir (emisiones que reportan) <span class=\"wpforms-required-label\" aria-hidden=\"true\">*<\/span><\/legend><ul id=\"wpforms-145-field_10\" class=\"wpforms-field-required wpforms-icon-choices wpforms-icon-choices-default wpforms-icon-choices-medium\" style=\"--wpforms-icon-choices-color: #19520a;\"><li class=\"choice-1 depth-1 wpforms-icon-choices-item\"><label class=\"wpforms-field-label-inline\" for=\"wpforms-145-field_10_1\">\n\t\t\t\t<span class=\"wpforms-icon-choices-icon\">\n\t\t\t\t\t<svg xmlns=\"http:\/\/www.w3.org\/2000\/svg\" width=\"60\" height=\"48\" viewBox=\"0 0 640 512\"><!--! Font Awesome Free 6.4.0 by @fontawesome - https:\/\/fontawesome.com License - https:\/\/fontawesome.com\/license\/free (Icons: CC BY 4.0, Fonts: SIL OFL 1.1, Code: MIT License) Copyright 2023 Fonticons, Inc. --><path d=\"M293.5 3.8c19.7 17.8 38.2 37 55.5 57.7c7.9-9.9 16.8-20.7 26.5-29.5c5.6-5.1 14.4-5.1 20 0c24.7 22.7 45.6 52.7 60.4 81.1c14.5 28 24.2 58.8 24.2 79C480 280 408.7 352 320 352c-89.7 0-160-72.1-160-159.8c0-26.4 12.7-60.7 32.4-92.6c20-32.4 48.1-66.1 81.4-95.8c2.8-2.5 6.4-3.8 10-3.7c3.5 0 7 1.3 9.8 3.8zM370 273c30-21 38-63 20-96c-2-4-4-8-7-12l-36 42s-58-74-62-79c-30 37-45 58-45 82c0 49 36 78 81 78c18 0 34-5 49-15zM32 288c0-17.7 14.3-32 32-32H96c17.7 0 32 14.3 32 32s-14.3 32-32 32v64H544V320c-17.7 0-32-14.3-32-32s14.3-32 32-32h32c17.7 0 32 14.3 32 32v96c17.7 0 32 14.3 32 32v64c0 17.7-14.3 32-32 32H32c-17.7 0-32-14.3-32-32V416c0-17.7 14.3-32 32-32V288zM320 480a32 32 0 1 0 0-64 32 32 0 1 0 0 64zm160-32a32 32 0 1 0 -64 0 32 32 0 1 0 64 0zM192 480a32 32 0 1 0 0-64 32 32 0 1 0 0 64z\"\/><\/svg>\n\t\t\t\t\t<span class=\"wpforms-icon-choices-icon-bg\"><\/span>\n\t\t\t\t<\/span>\n\t\t\t\t<input type=\"checkbox\" id=\"wpforms-145-field_10_1\" class=\"wpforms-screen-reader-element\" name=\"wpforms[fields][10][]\" value=\"Alcance 1 \/ Emisiones directas\" aria-errormessage=\"wpforms-145-field_10_1-error\" required >\n\t\t\t\t<span class=\"wpforms-icon-choices-label\">Alcance 1 \/ Emisiones directas<\/span>\n\t\t\t<\/label><\/li><li class=\"choice-2 depth-1 wpforms-icon-choices-item\"><label class=\"wpforms-field-label-inline\" for=\"wpforms-145-field_10_2\">\n\t\t\t\t<span class=\"wpforms-icon-choices-icon\">\n\t\t\t\t\t<svg xmlns=\"http:\/\/www.w3.org\/2000\/svg\" width=\"60\" height=\"48\" viewBox=\"0 0 384 512\"><!--! Font Awesome Free 6.4.0 by @fontawesome - https:\/\/fontawesome.com License - https:\/\/fontawesome.com\/license\/free (Icons: CC BY 4.0, Fonts: SIL OFL 1.1, Code: MIT License) Copyright 2023 Fonticons, Inc. --><path d=\"M0 256L28.5 28c2-16 15.6-28 31.8-28H228.9c15 0 27.1 12.1 27.1 27.1c0 3.2-.6 6.5-1.7 9.5L208 160H347.3c20.2 0 36.7 16.4 36.7 36.7c0 7.4-2.2 14.6-6.4 20.7l-192.2 281c-5.9 8.6-15.6 13.7-25.9 13.7h-2.9c-15.7 0-28.5-12.8-28.5-28.5c0-2.3 .3-4.6 .9-6.9L176 288H32c-17.7 0-32-14.3-32-32z\"\/><\/svg>\n\t\t\t\t\t<span class=\"wpforms-icon-choices-icon-bg\"><\/span>\n\t\t\t\t<\/span>\n\t\t\t\t<input type=\"checkbox\" id=\"wpforms-145-field_10_2\" class=\"wpforms-screen-reader-element\" name=\"wpforms[fields][10][]\" value=\"Alcance 2 \/ Emisiones indirectas por electricidad\" aria-errormessage=\"wpforms-145-field_10_2-error\" required >\n\t\t\t\t<span class=\"wpforms-icon-choices-label\">Alcance 2 \/ Emisiones indirectas por electricidad<\/span>\n\t\t\t<\/label><\/li><li class=\"choice-3 depth-1 wpforms-icon-choices-item\"><label class=\"wpforms-field-label-inline\" for=\"wpforms-145-field_10_3\">\n\t\t\t\t<span class=\"wpforms-icon-choices-icon\">\n\t\t\t\t\t<svg xmlns=\"http:\/\/www.w3.org\/2000\/svg\" width=\"60\" height=\"48\" viewBox=\"0 0 576 512\"><!--! Font Awesome Free 6.4.0 by @fontawesome - https:\/\/fontawesome.com License - https:\/\/fontawesome.com\/license\/free (Icons: CC BY 4.0, Fonts: SIL OFL 1.1, Code: MIT License) Copyright 2023 Fonticons, Inc. --><path d=\"M248 0H208c-26.5 0-48 21.5-48 48V160c0 35.3 28.7 64 64 64H352c35.3 0 64-28.7 64-64V48c0-26.5-21.5-48-48-48H328V80c0 8.8-7.2 16-16 16H264c-8.8 0-16-7.2-16-16V0zM64 256c-35.3 0-64 28.7-64 64V448c0 35.3 28.7 64 64 64H224c35.3 0 64-28.7 64-64V320c0-35.3-28.7-64-64-64H184v80c0 8.8-7.2 16-16 16H120c-8.8 0-16-7.2-16-16V256H64zM352 512H512c35.3 0 64-28.7 64-64V320c0-35.3-28.7-64-64-64H472v80c0 8.8-7.2 16-16 16H408c-8.8 0-16-7.2-16-16V256H352c-15 0-28.8 5.1-39.7 13.8c4.9 10.4 7.7 22 7.7 34.2V464c0 12.2-2.8 23.8-7.7 34.2C323.2 506.9 337 512 352 512z\"\/><\/svg>\n\t\t\t\t\t<span class=\"wpforms-icon-choices-icon-bg\"><\/span>\n\t\t\t\t<\/span>\n\t\t\t\t<input type=\"checkbox\" id=\"wpforms-145-field_10_3\" class=\"wpforms-screen-reader-element\" name=\"wpforms[fields][10][]\" value=\"Alcance 3 \/ Otras emisiones indirectas\" aria-errormessage=\"wpforms-145-field_10_3-error\" required >\n\t\t\t\t<span class=\"wpforms-icon-choices-label\">Alcance 3 \/ Otras emisiones indirectas<\/span>\n\t\t\t<\/label><\/li><\/ul><\/fieldset><\/div><div id=\"wpforms-145-field_11-container\" class=\"wpforms-field wpforms-field-number\" data-field-id=\"11\"><label class=\"wpforms-field-label\" for=\"wpforms-145-field_11\">Periodo de verificaci\u00f3n <span class=\"wpforms-required-label\" aria-hidden=\"true\">*<\/span><\/label><input type=\"number\" id=\"wpforms-145-field_11\" class=\"wpforms-field-medium wpforms-field-required\" name=\"wpforms[fields][11]\" step=\"any\" aria-errormessage=\"wpforms-145-field_11-error\" aria-describedby=\"wpforms-145-field_11-description\" required><div id=\"wpforms-145-field_11-description\" class=\"wpforms-field-description\">A\u00f1o de reporte de emisiones<\/div><\/div><div id=\"wpforms-145-field_20-container\" class=\"wpforms-field wpforms-field-select wpforms-field-select-style-classic\" data-field-id=\"20\"><label class=\"wpforms-field-label\" for=\"wpforms-145-field_20\">Rango de emisiones <span class=\"wpforms-required-label\" aria-hidden=\"true\">*<\/span><\/label><select id=\"wpforms-145-field_20\" class=\"wpforms-field-medium wpforms-field-required\" name=\"wpforms[fields][20]\" required=\"required\"><option value=\"\" class=\"placeholder\" disabled  selected='selected'>&#8212; Select Choice &#8212;<\/option><option value=\"0 - 25,000 tCO2e\"  class=\"choice-1 depth-1\"  >0 &#8211; 25,000 tCO2e<\/option><option value=\"25,000 - 100,000 tCO2e\"  class=\"choice-2 depth-1\"  >25,000 &#8211; 100,000 tCO2e<\/option><option value=\"100,000 - 1,000,000 tCO2e\"  class=\"choice-3 depth-1\"  >100,000 &#8211; 1,000,000 tCO2e<\/option><option value=\"1,000,000+ tCO2e\"  class=\"choice-4 depth-1\"  >1,000,000+ tCO2e<\/option><\/select><\/div><div id=\"wpforms-145-field_13-container\" class=\"wpforms-field wpforms-field-number\" data-field-id=\"13\"><label class=\"wpforms-field-label\" for=\"wpforms-145-field_13\">N\u00famero de instalaciones a verificar <span class=\"wpforms-required-label\" aria-hidden=\"true\">*<\/span><\/label><input type=\"number\" id=\"wpforms-145-field_13\" class=\"wpforms-field-medium wpforms-field-required\" name=\"wpforms[fields][13]\" step=\"any\" aria-errormessage=\"wpforms-145-field_13-error\" required><\/div><div id=\"wpforms-145-field_14-container\" class=\"wpforms-field wpforms-field-radio\" data-field-id=\"14\"><fieldset><legend class=\"wpforms-field-label\">\u00bfEs la primera verificaci\u00f3n de la empresa? <span class=\"wpforms-required-label\" aria-hidden=\"true\">*<\/span><\/legend><ul id=\"wpforms-145-field_14\" class=\"wpforms-field-required\"><li class=\"choice-1 depth-1\"><input type=\"radio\" id=\"wpforms-145-field_14_1\" name=\"wpforms[fields][14]\" value=\"S\u00ed\" aria-errormessage=\"wpforms-145-field_14_1-error\" required ><label class=\"wpforms-field-label-inline\" for=\"wpforms-145-field_14_1\">S\u00ed<\/label><\/li><li class=\"choice-2 depth-1\"><input type=\"radio\" id=\"wpforms-145-field_14_2\" name=\"wpforms[fields][14]\" value=\"No\" aria-errormessage=\"wpforms-145-field_14_2-error\" required ><label class=\"wpforms-field-label-inline\" for=\"wpforms-145-field_14_2\">No<\/label><\/li><\/ul><\/fieldset><\/div><div id=\"wpforms-145-field_15-container\" class=\"wpforms-field wpforms-field-checkbox wpforms-list-2-columns\" data-field-id=\"15\"><fieldset><legend class=\"wpforms-field-label\">Fuentes de emisi\u00f3n <span class=\"wpforms-required-label\" aria-hidden=\"true\">*<\/span><\/legend><ul id=\"wpforms-145-field_15\" class=\"wpforms-field-required\"><li class=\"choice-1 depth-1\"><input type=\"checkbox\" id=\"wpforms-145-field_15_1\" name=\"wpforms[fields][15][]\" value=\"Gas natural\" aria-errormessage=\"wpforms-145-field_15_1-error\" required ><label class=\"wpforms-field-label-inline\" for=\"wpforms-145-field_15_1\">Gas natural<\/label><\/li><li class=\"choice-2 depth-1\"><input type=\"checkbox\" id=\"wpforms-145-field_15_2\" name=\"wpforms[fields][15][]\" value=\"Di\u00e9sel\" aria-errormessage=\"wpforms-145-field_15_2-error\" required ><label class=\"wpforms-field-label-inline\" for=\"wpforms-145-field_15_2\">Di\u00e9sel<\/label><\/li><li class=\"choice-3 depth-1\"><input type=\"checkbox\" id=\"wpforms-145-field_15_3\" name=\"wpforms[fields][15][]\" value=\"Gasolina\" aria-errormessage=\"wpforms-145-field_15_3-error\" required ><label class=\"wpforms-field-label-inline\" for=\"wpforms-145-field_15_3\">Gasolina<\/label><\/li><li class=\"choice-4 depth-1\"><input type=\"checkbox\" id=\"wpforms-145-field_15_4\" name=\"wpforms[fields][15][]\" value=\"Electricidad\" aria-errormessage=\"wpforms-145-field_15_4-error\" required ><label class=\"wpforms-field-label-inline\" for=\"wpforms-145-field_15_4\">Electricidad<\/label><\/li><li class=\"choice-12 depth-1\"><input type=\"checkbox\" id=\"wpforms-145-field_15_12\" name=\"wpforms[fields][15][]\" value=\"Emisiones de proceso (reacci\u00f3n qu\u00edmica)\" aria-errormessage=\"wpforms-145-field_15_12-error\" required ><label class=\"wpforms-field-label-inline\" for=\"wpforms-145-field_15_12\">Emisiones de proceso (reacci\u00f3n qu\u00edmica)<\/label><\/li><li class=\"choice-5 depth-1\"><input type=\"checkbox\" id=\"wpforms-145-field_15_5\" name=\"wpforms[fields][15][]\" value=\"Gas LP\" aria-errormessage=\"wpforms-145-field_15_5-error\" required ><label class=\"wpforms-field-label-inline\" for=\"wpforms-145-field_15_5\">Gas LP<\/label><\/li><li class=\"choice-6 depth-1\"><input type=\"checkbox\" id=\"wpforms-145-field_15_6\" name=\"wpforms[fields][15][]\" value=\"Carb\u00f3n\" aria-errormessage=\"wpforms-145-field_15_6-error\" required ><label class=\"wpforms-field-label-inline\" for=\"wpforms-145-field_15_6\">Carb\u00f3n<\/label><\/li><li class=\"choice-7 depth-1\"><input type=\"checkbox\" id=\"wpforms-145-field_15_7\" name=\"wpforms[fields][15][]\" value=\"Combust\u00f3leo\" aria-errormessage=\"wpforms-145-field_15_7-error\" required ><label class=\"wpforms-field-label-inline\" for=\"wpforms-145-field_15_7\">Combust\u00f3leo<\/label><\/li><li class=\"choice-8 depth-1\"><input type=\"checkbox\" id=\"wpforms-145-field_15_8\" name=\"wpforms[fields][15][]\" value=\"Gases refrigerantes\" aria-errormessage=\"wpforms-145-field_15_8-error\" required ><label class=\"wpforms-field-label-inline\" for=\"wpforms-145-field_15_8\">Gases refrigerantes<\/label><\/li><li class=\"choice-9 depth-1\"><input type=\"checkbox\" id=\"wpforms-145-field_15_9\" name=\"wpforms[fields][15][]\" value=\"Extintores\" aria-errormessage=\"wpforms-145-field_15_9-error\" required ><label class=\"wpforms-field-label-inline\" for=\"wpforms-145-field_15_9\">Extintores<\/label><\/li><li class=\"choice-10 depth-1\"><input type=\"checkbox\" id=\"wpforms-145-field_15_10\" name=\"wpforms[fields][15][]\" value=\"PTAR\" aria-errormessage=\"wpforms-145-field_15_10-error\" required ><label class=\"wpforms-field-label-inline\" for=\"wpforms-145-field_15_10\">PTAR<\/label><\/li><\/ul><\/fieldset><\/div><div id=\"wpforms-145-field_16-container\" class=\"wpforms-field wpforms-field-textarea\" data-field-id=\"16\"><label class=\"wpforms-field-label\" for=\"wpforms-145-field_16\">Describe el proceso de gesti\u00f3n de informaci\u00f3n para el c\u00e1lculo de emisiones GEI<\/label><textarea id=\"wpforms-145-field_16\" class=\"wpforms-field-medium\" name=\"wpforms[fields][16]\" aria-errormessage=\"wpforms-145-field_16-error\" ><\/textarea><\/div><div id=\"wpforms-145-field_17-container\" class=\"wpforms-field wpforms-field-textarea\" data-field-id=\"17\"><label class=\"wpforms-field-label\" for=\"wpforms-145-field_17\">Comentarios adicionales<\/label><textarea id=\"wpforms-145-field_17\" class=\"wpforms-field-medium\" name=\"wpforms[fields][17]\" aria-errormessage=\"wpforms-145-field_17-error\" aria-describedby=\"wpforms-145-field_17-description\" ><\/textarea><div id=\"wpforms-145-field_17-description\" class=\"wpforms-field-description\">Deja aqu\u00ed cualquier mensaje o aclaraci\u00f3n sobre el servicio requerido o la informaci\u00f3n proporcionada<\/div><\/div><div id=\"wpforms-145-field_18-container\" class=\"wpforms-field wpforms-field-select wpforms-field-select-style-classic\" data-field-id=\"18\"><label class=\"wpforms-field-label\" for=\"wpforms-145-field_18\">\u00bfC\u00f3mo te enteraste de nosotros? <span class=\"wpforms-required-label\" aria-hidden=\"true\">*<\/span><\/label><select id=\"wpforms-145-field_18\" class=\"wpforms-field-medium wpforms-field-required\" name=\"wpforms[fields][18]\" required=\"required\"><option value=\"\" class=\"placeholder\" disabled  selected='selected'>&#8212; Select Choice &#8212;<\/option><option value=\"P\u00e1gina ema \/ Sitio RENE\"  class=\"choice-1 depth-1\"  >P\u00e1gina ema \/ Sitio RENE<\/option><option value=\"Recomendaci\u00f3n\"  class=\"choice-2 depth-1\"  >Recomendaci\u00f3n<\/option><option value=\"Servicios anteriores\"  class=\"choice-3 depth-1\"  >Servicios anteriores<\/option><option value=\"Correo electr\u00f3nico\"  class=\"choice-4 depth-1\"  >Correo electr\u00f3nico<\/option><option value=\"Redes \/ P\u00e1gina web\"  class=\"choice-5 depth-1\"  >Redes \/ P\u00e1gina web<\/option><\/select><\/div><div id=\"wpforms-145-field_19-container\" class=\"wpforms-field wpforms-field-checkbox\" data-field-id=\"19\"><fieldset><legend class=\"wpforms-field-label wpforms-label-hide\" aria-hidden=\"false\">Aviso de Privacidad <span class=\"wpforms-required-label\" aria-hidden=\"true\">*<\/span><\/legend><ul id=\"wpforms-145-field_19\" class=\"wpforms-field-required\"><li class=\"choice-1 depth-1\"><input type=\"checkbox\" id=\"wpforms-145-field_19_1\" name=\"wpforms[fields][19][]\" value=\"Estoy de acuerdo con el &lt;a href=&quot;https:\/\/sustainable-si.com\/wp-content\/uploads\/2025\/10\/Aviso-de-Privacidad.pdf&quot;&gt;Aviso de privacidad&lt;\/a&gt;.\" aria-errormessage=\"wpforms-145-field_19_1-error\" required ><label class=\"wpforms-field-label-inline\" for=\"wpforms-145-field_19_1\">Estoy de acuerdo con el <a href=\"https:\/\/sustainable-si.com\/wp-content\/uploads\/2025\/10\/Aviso-de-Privacidad.pdf\">Aviso de privacidad<\/a>.<\/label><\/li><\/ul><\/fieldset><\/div><script>\n\t\t\t\t( function() {\n\t\t\t\t\tconst style = document.createElement( 'style' );\n\t\t\t\t\tstyle.appendChild( document.createTextNode( '#wpforms-145-field_12-container { position: absolute !important; overflow: hidden !important; display: inline !important; height: 1px !important; width: 1px !important; z-index: -1000 !important; padding: 0 !important; } #wpforms-145-field_12-container input { visibility: hidden; } #wpforms-conversational-form-page #wpforms-145-field_12-container label { counter-increment: none; }' ) );\n\t\t\t\t\tdocument.head.appendChild( style );\n\t\t\t\t\tdocument.currentScript?.remove();\n\t\t\t\t} )();\n\t\t\t<\/script><\/div><!-- .wpforms-field-container --><div class=\"wpforms-submit-container\" ><input type=\"hidden\" name=\"wpforms[id]\" value=\"145\"><input type=\"hidden\" name=\"page_title\" value=\"\"><input type=\"hidden\" name=\"page_url\" value=\"https:\/\/sustainable-si.com\/index.php?rest_route=\/wp\/v2\/pages\/86\"><input type=\"hidden\" name=\"url_referer\" value=\"\"><button type=\"submit\" name=\"wpforms[submit]\" id=\"wpforms-submit-145\" class=\"wpforms-submit\" data-alt-text=\"Enviando...\" data-submit-text=\"Enviar\" aria-live=\"assertive\" value=\"wpforms-submit\">Enviar<\/button><img loading=\"lazy\" decoding=\"async\" src=\"https:\/\/sustainable-si.com\/wp-content\/plugins\/wpforms-lite\/assets\/images\/submit-spin.svg\" class=\"wpforms-submit-spinner\" style=\"display: none;\" width=\"26\" height=\"26\" alt=\"Loading\"><\/div><\/form><\/div>  <!-- .wpforms-container -->","protected":false},"excerpt":{"rendered":"","protected":false},"author":2,"featured_media":0,"parent":0,"menu_order":0,"comment_status":"closed","ping_status":"closed","template":"","meta":{"_genesis_hide_title":true,"_genesis_hide_breadcrumbs":true,"_genesis_hide_singular_image":false,"_genesis_hide_footer_widgets":false,"_genesis_custom_body_class":"","_genesis_custom_post_class":"","_genesis_layout":"full-width-content","footnotes":""},"class_list":{"0":"post-86","1":"page","2":"type-page","3":"status-publish","5":"entry"},"featured_image_src":null,"featured_image_src_square":null,"_links":{"self":[{"href":"https:\/\/sustainable-si.com\/index.php?rest_route=\/wp\/v2\/pages\/86","targetHints":{"allow":["GET"]}}],"collection":[{"href":"https:\/\/sustainable-si.com\/index.php?rest_route=\/wp\/v2\/pages"}],"about":[{"href":"https:\/\/sustainable-si.com\/index.php?rest_route=\/wp\/v2\/types\/page"}],"author":[{"embeddable":true,"href":"https:\/\/sustainable-si.com\/index.php?rest_route=\/wp\/v2\/users\/2"}],"replies":[{"embeddable":true,"href":"https:\/\/sustainable-si.com\/index.php?rest_route=%2Fwp%2Fv2%2Fcomments&post=86"}],"version-history":[{"count":0,"href":"https:\/\/sustainable-si.com\/index.php?rest_route=\/wp\/v2\/pages\/86\/revisions"}],"wp:attachment":[{"href":"https:\/\/sustainable-si.com\/index.php?rest_route=%2Fwp%2Fv2%2Fmedia&parent=86"}],"curies":[{"name":"wp","href":"https:\/\/api.w.org\/{rel}","templated":true}]}}