{"id":83,"date":"2025-10-21T17:32:26","date_gmt":"2025-10-21T17:32:26","guid":{"rendered":"https:\/\/ssidesarrollo.wpenginepowered.com\/?page_id=83"},"modified":"2025-10-23T21:06:38","modified_gmt":"2025-10-23T21:06:38","slug":"about-us","status":"publish","type":"page","link":"https:\/\/sustainable-si.com\/?page_id=83","title":{"rendered":"Nosotros"},"content":{"rendered":"\n<div class=\"wp-block-genesis-blocks-gb-columns gb-slate-section-numbered-list-and-image gb-layout-columns-2 gb-2-col-equal gb-has-custom-background-color gb-has-custom-text-color gb-columns-center alignfull\" style=\"padding-top:2em;padding-right:1em;padding-left:1em;background-color:#ffffff;color:#1f1f1f\"><div class=\"gb-layout-column-wrap gb-block-layout-column-gap-3 gb-is-responsive-column\" style=\"max-width:1200px\">\n<div class=\"wp-block-genesis-blocks-gb-column gb-block-layout-column\"><div class=\"gb-block-layout-column-inner\">\n<figure class=\"wp-block-image size-full\"><img loading=\"lazy\" decoding=\"async\" width=\"800\" height=\"586\" src=\"https:\/\/sustainable-si.com\/wp-content\/uploads\/2025\/10\/Etica.jpg\" alt=\"\" class=\"wp-image-26\" srcset=\"https:\/\/sustainable-si.com\/wp-content\/uploads\/2025\/10\/Etica.jpg 800w, https:\/\/sustainable-si.com\/wp-content\/uploads\/2025\/10\/Etica-300x220.jpg 300w, https:\/\/sustainable-si.com\/wp-content\/uploads\/2025\/10\/Etica-768x563.jpg 768w\" sizes=\"auto, (max-width: 800px) 100vw, 800px\" \/><\/figure>\n<\/div><\/div>\n\n\n\n<div class=\"wp-block-genesis-blocks-gb-column gb-block-layout-column gb-is-vertically-aligned-center\"><div class=\"gb-block-layout-column-inner\">\n<h2 class=\"wp-block-heading gpb-fluid-4 has-text-color\" style=\"color:#1f1f1f;font-size:30px\"><strong>\u00c9tica<\/strong><\/h2>\n\n\n\n<p class=\"has-text-color has-normal-font-size\" style=\"color:#1f1f1f\">En Sustainable Solutions estamos convencidos de que nuestra reputaci\u00f3n empresarial es de nuestros activos m\u00e1s valiosos, y es un componente clave para el desarrollo de nuestros<br>servicios.<br>Por ello, la imparcialidad, la independencia y la integridad son las bases de nuestro c\u00f3digo de \u00e9tica. Estos valores los comparten y practican todos los miembros de nuestro equipo y est\u00e1n presente en todas nuestras actividades.<br>Creemos que al operar a trav\u00e9s de nuestros valores, logramos resultados m\u00e1s competitivos y aseguramos nuestro<br>crecimiento de manera sostenible.<\/p>\n\n\n\n<p class=\"has-text-color has-normal-font-size\" style=\"color:#1f1f1f\"><a href=\"https:\/\/sustainable-si.com\/wp-content\/uploads\/2025\/10\/DECLARACION-DE-IMPARCIALIDAD-INDEPENDENCIA-E-INTEGRIDAD-FOR_SGI_026.pdf\" data-type=\"link\" data-id=\"https:\/\/sustainable-si.com\/wp-content\/uploads\/2025\/10\/DECLARACION-DE-IMPARCIALIDAD-INDEPENDENCIA-E-INTEGRIDAD-FOR_SGI_026.pdf\">Conoce nuestra Declaraci\u00f3n de Imparcialidad, Independencia e Integridad<\/a><\/p>\n<\/div><\/div>\n<\/div><\/div>\n\n\n\n<div class=\"wp-block-genesis-blocks-gb-columns gb-slate-section-numbered-list-and-image gb-layout-columns-2 gb-2-col-equal gb-has-custom-background-color gb-has-custom-text-color gb-columns-center alignfull\" style=\"padding-top:1em;padding-right:1em;padding-left:1em;background-color:#ffffff;color:#1f1f1f\"><div class=\"gb-layout-column-wrap gb-block-layout-column-gap-3 gb-is-responsive-column\" style=\"max-width:1200px\">\n<div class=\"wp-block-genesis-blocks-gb-column gb-block-layout-column\"><div class=\"gb-block-layout-column-inner\">\n<figure class=\"wp-block-image size-full is-resized\"><img loading=\"lazy\" decoding=\"async\" width=\"313\" height=\"226\" src=\"https:\/\/sustainable-si.com\/wp-content\/uploads\/2025\/10\/Nuestro-equipo.png\" alt=\"\" class=\"wp-image-27\" style=\"width:533px;height:auto\" srcset=\"https:\/\/sustainable-si.com\/wp-content\/uploads\/2025\/10\/Nuestro-equipo.png 313w, https:\/\/sustainable-si.com\/wp-content\/uploads\/2025\/10\/Nuestro-equipo-300x217.png 300w\" sizes=\"auto, (max-width: 313px) 100vw, 313px\" \/><\/figure>\n<\/div><\/div>\n\n\n\n<div class=\"wp-block-genesis-blocks-gb-column gb-block-layout-column gb-is-vertically-aligned-center\"><div class=\"gb-block-layout-column-inner\">\n<h2 class=\"wp-block-heading gpb-fluid-4 has-text-color\" style=\"color:#1f1f1f;font-size:30px\"><strong>Nuestro equipo<\/strong><\/h2>\n\n\n\n<p class=\"has-text-color has-normal-font-size\" style=\"color:#1f1f1f\">Todos los miembros del equipo que conforman a Sustainable Solutions cuentan con las capacidades acad\u00e9micas, habilidades profesionales y experiencia necesarias para brindar el mejor servicio a nuestros clientes. <\/p>\n\n\n\n<p>Nuestro equipo est\u00e1 comprometido a realizar un trabajo minucioso en todo momento, de acuerdo con las regulaciones y normas mexicanas e internacionales vigentes. <\/p>\n<\/div><\/div>\n<\/div><\/div>\n\n\n\n<p><\/p>\n","protected":false},"excerpt":{"rendered":"","protected":false},"author":2,"featured_media":84,"parent":0,"menu_order":0,"comment_status":"closed","ping_status":"closed","template":"","meta":{"_genesis_hide_title":true,"_genesis_hide_breadcrumbs":true,"_genesis_hide_singular_image":true,"_genesis_hide_footer_widgets":false,"_genesis_custom_body_class":"","_genesis_custom_post_class":"","_genesis_layout":"full-width-content","footnotes":""},"class_list":{"0":"post-83","1":"page","2":"type-page","3":"status-publish","4":"has-post-thumbnail","6":"entry"},"featured_image_src":"https:\/\/sustainable-si.com\/wp-content\/uploads\/2025\/10\/about-2-600x400.jpg","featured_image_src_square":"https:\/\/sustainable-si.com\/wp-content\/uploads\/2025\/10\/about-2-600x600.jpg","_links":{"self":[{"href":"https:\/\/sustainable-si.com\/index.php?rest_route=\/wp\/v2\/pages\/83","targetHints":{"allow":["GET"]}}],"collection":[{"href":"https:\/\/sustainable-si.com\/index.php?rest_route=\/wp\/v2\/pages"}],"about":[{"href":"https:\/\/sustainable-si.com\/index.php?rest_route=\/wp\/v2\/types\/page"}],"author":[{"embeddable":true,"href":"https:\/\/sustainable-si.com\/index.php?rest_route=\/wp\/v2\/users\/2"}],"replies":[{"embeddable":true,"href":"https:\/\/sustainable-si.com\/index.php?rest_route=%2Fwp%2Fv2%2Fcomments&post=83"}],"version-history":[{"count":0,"href":"https:\/\/sustainable-si.com\/index.php?rest_route=\/wp\/v2\/pages\/83\/revisions"}],"wp:featuredmedia":[{"embeddable":true,"href":"https:\/\/sustainable-si.com\/index.php?rest_route=\/wp\/v2\/media\/84"}],"wp:attachment":[{"href":"https:\/\/sustainable-si.com\/index.php?rest_route=%2Fwp%2Fv2%2Fmedia&parent=83"}],"curies":[{"name":"wp","href":"https:\/\/api.w.org\/{rel}","templated":true}]}}