{"id":82,"date":"2025-10-21T17:32:26","date_gmt":"2025-10-21T17:32:26","guid":{"rendered":"https:\/\/ssidesarrollo.wpenginepowered.com\/?page_id=82"},"modified":"2025-11-05T22:10:23","modified_gmt":"2025-11-05T22:10:23","slug":"block-content-examples","status":"publish","type":"page","link":"https:\/\/sustainable-si.com\/?page_id=82","title":{"rendered":"Verificaci\u00f3n GEI"},"content":{"rendered":"\n<div class=\"wp-block-media-text alignfull is-stacked-on-mobile is-image-fill-element gb-slate-section-media-and-text gb-slate-section-media-text has-background\" style=\"background-color:#ffffff;grid-template-columns:31% auto\"><figure class=\"wp-block-media-text__media\"><img loading=\"lazy\" decoding=\"async\" width=\"1024\" height=\"683\" src=\"https:\/\/sustainable-si.com\/wp-content\/uploads\/2025\/10\/Servicios-Verificacion-1024x683.jpg\" alt=\"\" class=\"wp-image-43 size-full\" style=\"object-position:50% 50%\" srcset=\"https:\/\/sustainable-si.com\/wp-content\/uploads\/2025\/10\/Servicios-Verificacion-1024x683.jpg 1024w, https:\/\/sustainable-si.com\/wp-content\/uploads\/2025\/10\/Servicios-Verificacion-300x200.jpg 300w, https:\/\/sustainable-si.com\/wp-content\/uploads\/2025\/10\/Servicios-Verificacion-768x512.jpg 768w, https:\/\/sustainable-si.com\/wp-content\/uploads\/2025\/10\/Servicios-Verificacion-1536x1024.jpg 1536w, https:\/\/sustainable-si.com\/wp-content\/uploads\/2025\/10\/Servicios-Verificacion-2048x1365.jpg 2048w, https:\/\/sustainable-si.com\/wp-content\/uploads\/2025\/10\/Servicios-Verificacion-600x400.jpg 600w, https:\/\/sustainable-si.com\/wp-content\/uploads\/2025\/10\/Servicios-Verificacion-1200x800.jpg 1200w, https:\/\/sustainable-si.com\/wp-content\/uploads\/2025\/10\/Servicios-Verificacion-1400x933.jpg 1400w\" sizes=\"auto, (max-width: 1024px) 100vw, 1024px\" \/><\/figure><div class=\"wp-block-media-text__content\">\n<div style=\"height:20px\" aria-hidden=\"true\" class=\"wp-block-spacer\"><\/div>\n\n\n\n<h2 class=\"wp-block-heading has-text-color\" style=\"color:#1f1f1f\"><strong>Verificaci\u00f3n de Gases de Efecto Invernadero<\/strong><\/h2>\n\n\n\n<p class=\"has-text-color\" style=\"color:#1f1f1f\">Es el proceso de evaluaci\u00f3n de la confiabilidad, precisi\u00f3n y transparencia de un inventario de emisiones de gases de efecto invernadero respecto a un criterio de verificaci\u00f3n seleccionado.<\/p>\n\n\n\n<p>Las verificaciones siempre son efectuadas con estricto apego a los principios de independencia, \u00e9tica y cuidado profesional. De esta manera se logra un mayor grado de confianza y credibilidad en el desarrollo del proceso y en su resultado.<\/p>\n\n\n\n<p class=\"has-text-color\" style=\"color:#1f1f1f\">Sustainable Solutions obtuvo en el 2015, la acreditaci\u00f3n como OC-W-GEI ante la EMA con vigencia de 4 a\u00f1os, la cual fue actualizada en el 2023. As\u00ed mismo, contamos con la aprobaci\u00f3n de la PROFEPA para realizar verificaciones en el marco del Registro Nacional de Emisiones (RENE) desde el 2017, con la \u00faltima actualizaci\u00f3n realizada en el 2025.<\/p>\n\n\n\n<p><a href=\"https:\/\/sustainable-si.com\/wp-content\/uploads\/2025\/10\/ACREDITACION-EMA-EMA_ACRE_082.pdf\">Acreditaci\u00f3n EMA. <\/a><\/p>\n\n\n\n<p><a href=\"https:\/\/sustainable-si.com\/wp-content\/uploads\/2025\/11\/PROFEPA_ACRE_007.pdf\" data-type=\"link\" data-id=\"https:\/\/sustainable-si.com\/wp-content\/uploads\/2025\/11\/PROFEPA_ACRE_007.pdf\">Aprobaci\u00f3n PROFEPA.<\/a><\/p>\n<\/div><\/div>\n\n\n\n<div style=\"color:#ddd\" class=\"wp-block-genesis-blocks-gb-spacer gb-block-spacer gb-divider-solid gb-divider-size-1\"><hr style=\"height:46px\"\/><\/div>\n\n\n\n<div class=\"wp-block-media-text alignfull is-stacked-on-mobile\" style=\"grid-template-columns:62% auto\"><figure class=\"wp-block-media-text__media\"><img loading=\"lazy\" decoding=\"async\" width=\"952\" height=\"614\" src=\"https:\/\/sustainable-si.com\/wp-content\/uploads\/2025\/10\/RS_PUB_008-1.png\" alt=\"\" class=\"wp-image-193 size-full\" srcset=\"https:\/\/sustainable-si.com\/wp-content\/uploads\/2025\/10\/RS_PUB_008-1.png 952w, https:\/\/sustainable-si.com\/wp-content\/uploads\/2025\/10\/RS_PUB_008-1-300x193.png 300w, https:\/\/sustainable-si.com\/wp-content\/uploads\/2025\/10\/RS_PUB_008-1-768x495.png 768w\" sizes=\"auto, (max-width: 952px) 100vw, 952px\" \/><\/figure><div class=\"wp-block-media-text__content\">\n<p class=\"has-large-font-size\"><strong>Proceso de verificaci\u00f3n<\/strong><\/p>\n\n\n\n<p style=\"font-size:16px\"> Consiste en verificar que la informaci\u00f3n reportada en el inventario de emisiones de GEI sea correcta, rastreable y cumpla con los establecido en los criterios seleccionados. Se realiza una revisi\u00f3n documental de evidencias, as\u00ed como una visita a sitio en donde se conocen los procesos y se entrevista al personal encargado. Posteriormente, se realiza un rec\u00e1lculo de las emisiones, con el objetivo de asegurar que el inventario se encuentre dentro de la materialidad establecida. Una vez terminado el proceso, se proporcionar\u00e1 el informe y Dictamen de&nbsp;Verificaci\u00f3n.<\/p>\n\n\n\n<p><a href=\"https:\/\/sustainable-si.com\/wp-content\/uploads\/2025\/10\/DERECHOS-Y-OBLIGACIONES-DE-VERIFICACION-PROC_SGI_010_N.pdf\">Derechos y Obligaciones de Verificaci\u00f3n.<\/a><\/p>\n<\/div><\/div>\n\n\n\n<div class=\"wp-block-genesis-blocks-gb-container gb-layout-landing-1 gb-block-container alignfull\"><div class=\"gb-container-inside\"><div class=\"gb-container-content\" style=\"max-width:1600px\">\n<div class=\"wp-block-genesis-blocks-gb-columns gb-layout-service-2 gb-layout-columns-1 one-column gb-columns-center\" style=\"padding-top:2%;padding-right:5%;padding-bottom:2%;padding-left:5%\"><div class=\"gb-layout-column-wrap gb-block-layout-column-gap-2 gb-is-responsive-column\" style=\"max-width:1200px\">\n<div class=\"wp-block-genesis-blocks-gb-column gb-block-layout-column\"><div class=\"gb-block-layout-column-inner\">\n<div style=\"margin-bottom:5%\" class=\"wp-block-genesis-blocks-gb-container gb-block-container\"><div class=\"gb-container-inside\"><div class=\"gb-container-content\" style=\"max-width:700px\">\n<h2 class=\"wp-block-heading has-text-align-center\"><strong>Estamos acreditados para realizar verificaciones en los siguientes sectores:<\/strong><\/h2>\n<\/div><\/div><\/div>\n\n\n\n<div class=\"wp-block-genesis-blocks-gb-columns gb-layout-columns-3 gb-3-col-equal\" style=\"margin-bottom:3%\"><div class=\"gb-layout-column-wrap gb-block-layout-column-gap-2 gb-is-responsive-column\">\n<div class=\"wp-block-genesis-blocks-gb-column gb-block-layout-column\"><div class=\"gb-block-layout-column-inner\"><div class=\"wp-block-image is-style-rounded\">\n<figure class=\"aligncenter size-large is-resized\"><img loading=\"lazy\" decoding=\"async\" width=\"768\" height=\"1024\" src=\"https:\/\/sustainable-si.com\/wp-content\/uploads\/2025\/10\/energia-768x1024.png\" alt=\"\" class=\"wp-image-47\" style=\"aspect-ratio:1;object-fit:cover;width:196px;height:auto\" srcset=\"https:\/\/sustainable-si.com\/wp-content\/uploads\/2025\/10\/energia-768x1024.png 768w, https:\/\/sustainable-si.com\/wp-content\/uploads\/2025\/10\/energia-225x300.png 225w, https:\/\/sustainable-si.com\/wp-content\/uploads\/2025\/10\/energia-1152x1536.png 1152w, https:\/\/sustainable-si.com\/wp-content\/uploads\/2025\/10\/energia-300x400.png 300w, https:\/\/sustainable-si.com\/wp-content\/uploads\/2025\/10\/energia.png 1200w\" sizes=\"auto, (max-width: 768px) 100vw, 768px\" \/><\/figure>\n<\/div>\n\n\n<h3 class=\"wp-block-heading has-text-align-center\" style=\"text-transform:none\">Generaci\u00f3n de energ\u00eda y transacciones de energ\u00eda el\u00e9ctrica<\/h3>\n<\/div><\/div>\n\n\n\n<div class=\"wp-block-genesis-blocks-gb-column gb-block-layout-column\"><div class=\"gb-block-layout-column-inner\"><div class=\"wp-block-image is-style-rounded\">\n<figure class=\"aligncenter size-large is-resized\"><img loading=\"lazy\" decoding=\"async\" width=\"1024\" height=\"683\" src=\"https:\/\/sustainable-si.com\/wp-content\/uploads\/2025\/10\/prod-metales-1024x683.png\" alt=\"\" class=\"wp-image-49\" style=\"aspect-ratio:1;object-fit:cover;width:196px;height:auto\" srcset=\"https:\/\/sustainable-si.com\/wp-content\/uploads\/2025\/10\/prod-metales-1024x683.png 1024w, https:\/\/sustainable-si.com\/wp-content\/uploads\/2025\/10\/prod-metales-300x200.png 300w, https:\/\/sustainable-si.com\/wp-content\/uploads\/2025\/10\/prod-metales-768x512.png 768w, https:\/\/sustainable-si.com\/wp-content\/uploads\/2025\/10\/prod-metales-600x400.png 600w, https:\/\/sustainable-si.com\/wp-content\/uploads\/2025\/10\/prod-metales.png 1080w\" sizes=\"auto, (max-width: 1024px) 100vw, 1024px\" \/><\/figure>\n<\/div>\n\n\n<h3 class=\"wp-block-heading has-text-align-center\" style=\"text-transform:none\">Producci\u00f3n de metales<\/h3>\n<\/div><\/div>\n\n\n\n<div class=\"wp-block-genesis-blocks-gb-column gb-block-layout-column\"><div class=\"gb-block-layout-column-inner\"><div class=\"wp-block-image is-style-rounded\">\n<figure class=\"aligncenter size-full is-resized\"><img loading=\"lazy\" decoding=\"async\" width=\"800\" height=\"400\" src=\"https:\/\/sustainable-si.com\/wp-content\/uploads\/2025\/10\/quimica.png\" alt=\"\" class=\"wp-image-50\" style=\"aspect-ratio:1;object-fit:cover;width:196px;height:auto\" srcset=\"https:\/\/sustainable-si.com\/wp-content\/uploads\/2025\/10\/quimica.png 800w, https:\/\/sustainable-si.com\/wp-content\/uploads\/2025\/10\/quimica-300x150.png 300w, https:\/\/sustainable-si.com\/wp-content\/uploads\/2025\/10\/quimica-768x384.png 768w\" sizes=\"auto, (max-width: 800px) 100vw, 800px\" \/><\/figure>\n<\/div>\n\n\n<h3 class=\"wp-block-heading has-text-align-center\" style=\"text-transform:none\">Producci\u00f3n qu\u00edmica<\/h3>\n<\/div><\/div>\n<\/div><\/div>\n\n\n\n<div class=\"wp-block-genesis-blocks-gb-columns gb-layout-columns-3 gb-3-col-equal\" style=\"margin-bottom:3%\"><div class=\"gb-layout-column-wrap gb-block-layout-column-gap-2 gb-is-responsive-column\">\n<div class=\"wp-block-genesis-blocks-gb-column gb-block-layout-column\"><div class=\"gb-block-layout-column-inner\"><div class=\"wp-block-image is-style-rounded\">\n<figure class=\"aligncenter size-large is-resized\"><img loading=\"lazy\" decoding=\"async\" width=\"1024\" height=\"683\" src=\"https:\/\/sustainable-si.com\/wp-content\/uploads\/2025\/10\/manufactura-1024x683.png\" alt=\"\" class=\"wp-image-48\" style=\"aspect-ratio:1;object-fit:cover;width:196px;height:auto\" srcset=\"https:\/\/sustainable-si.com\/wp-content\/uploads\/2025\/10\/manufactura-1024x683.png 1024w, https:\/\/sustainable-si.com\/wp-content\/uploads\/2025\/10\/manufactura-300x200.png 300w, https:\/\/sustainable-si.com\/wp-content\/uploads\/2025\/10\/manufactura-768x512.png 768w, https:\/\/sustainable-si.com\/wp-content\/uploads\/2025\/10\/manufactura-600x400.png 600w, https:\/\/sustainable-si.com\/wp-content\/uploads\/2025\/10\/manufactura.png 1080w\" sizes=\"auto, (max-width: 1024px) 100vw, 1024px\" \/><\/figure>\n<\/div>\n\n\n<h3 class=\"wp-block-heading has-text-align-center\" style=\"text-transform:none\">Manufactura en general<\/h3>\n<\/div><\/div>\n\n\n\n<div class=\"wp-block-genesis-blocks-gb-column gb-block-layout-column\"><div class=\"gb-block-layout-column-inner\"><div class=\"wp-block-image is-style-rounded\">\n<figure class=\"aligncenter size-full is-resized\"><img loading=\"lazy\" decoding=\"async\" width=\"704\" height=\"939\" src=\"https:\/\/sustainable-si.com\/wp-content\/uploads\/2025\/10\/Nuestros-clientes.jpg\" alt=\"\" class=\"wp-image-32\" style=\"aspect-ratio:1;object-fit:cover;width:196px;height:auto\" srcset=\"https:\/\/sustainable-si.com\/wp-content\/uploads\/2025\/10\/Nuestros-clientes.jpg 704w, https:\/\/sustainable-si.com\/wp-content\/uploads\/2025\/10\/Nuestros-clientes-225x300.jpg 225w, https:\/\/sustainable-si.com\/wp-content\/uploads\/2025\/10\/Nuestros-clientes-300x400.jpg 300w\" sizes=\"auto, (max-width: 704px) 100vw, 704px\" \/><\/figure>\n<\/div>\n\n\n<h3 class=\"wp-block-heading has-text-align-center\" style=\"text-transform:none\">Miner\u00eda y producci\u00f3n de mineral<\/h3>\n<\/div><\/div>\n\n\n\n<div class=\"wp-block-genesis-blocks-gb-column gb-block-layout-column\"><div class=\"gb-block-layout-column-inner\"><div class=\"wp-block-image is-style-rounded\">\n<figure class=\"aligncenter size-large is-resized\"><img loading=\"lazy\" decoding=\"async\" width=\"1024\" height=\"683\" src=\"https:\/\/sustainable-si.com\/wp-content\/uploads\/2025\/10\/Normas-y-programas-de-verificacion-1024x683.jpeg\" alt=\"\" class=\"wp-image-17\" style=\"aspect-ratio:1;object-fit:cover;width:196px;height:auto\" srcset=\"https:\/\/sustainable-si.com\/wp-content\/uploads\/2025\/10\/Normas-y-programas-de-verificacion-1024x683.jpeg 1024w, https:\/\/sustainable-si.com\/wp-content\/uploads\/2025\/10\/Normas-y-programas-de-verificacion-300x200.jpeg 300w, https:\/\/sustainable-si.com\/wp-content\/uploads\/2025\/10\/Normas-y-programas-de-verificacion-768x513.jpeg 768w, https:\/\/sustainable-si.com\/wp-content\/uploads\/2025\/10\/Normas-y-programas-de-verificacion-600x400.jpeg 600w, https:\/\/sustainable-si.com\/wp-content\/uploads\/2025\/10\/Normas-y-programas-de-verificacion-1200x801.jpeg 1200w, https:\/\/sustainable-si.com\/wp-content\/uploads\/2025\/10\/Normas-y-programas-de-verificacion-1400x934.jpeg 1400w, https:\/\/sustainable-si.com\/wp-content\/uploads\/2025\/10\/Normas-y-programas-de-verificacion.jpeg 1500w\" sizes=\"auto, (max-width: 1024px) 100vw, 1024px\" \/><\/figure>\n<\/div>\n\n\n<h3 class=\"wp-block-heading has-text-align-center\" style=\"text-transform:none\">Pulpa, papel e impresiones<\/h3>\n<\/div><\/div>\n<\/div><\/div>\n\n\n\n<div class=\"wp-block-genesis-blocks-gb-columns gb-layout-columns-3 gb-3-col-equal\" style=\"margin-bottom:3%\"><div class=\"gb-layout-column-wrap gb-block-layout-column-gap-2 gb-is-responsive-column\">\n<div class=\"wp-block-genesis-blocks-gb-column gb-block-layout-column\"><div class=\"gb-block-layout-column-inner\"><div class=\"wp-block-image is-style-rounded\">\n<figure class=\"aligncenter size-full is-resized\"><img loading=\"lazy\" decoding=\"async\" width=\"750\" height=\"423\" src=\"https:\/\/sustainable-si.com\/wp-content\/uploads\/2025\/10\/Cursos-4.jpg\" alt=\"\" class=\"wp-image-38\" style=\"aspect-ratio:1;object-fit:cover;width:196px;height:auto\" srcset=\"https:\/\/sustainable-si.com\/wp-content\/uploads\/2025\/10\/Cursos-4.jpg 750w, https:\/\/sustainable-si.com\/wp-content\/uploads\/2025\/10\/Cursos-4-300x169.jpg 300w\" sizes=\"auto, (max-width: 750px) 100vw, 750px\" \/><\/figure>\n<\/div>\n\n\n<h3 class=\"wp-block-heading has-text-align-center\" style=\"text-transform:none\">Industria petroqu\u00edmica: exploraci\u00f3n, exportaci\u00f3n, refinaci\u00f3n y transporte<\/h3>\n<\/div><\/div>\n\n\n\n<div class=\"wp-block-genesis-blocks-gb-column gb-block-layout-column\"><div class=\"gb-block-layout-column-inner\"><div class=\"wp-block-image is-style-rounded\">\n<figure class=\"aligncenter size-full is-resized\"><img loading=\"lazy\" decoding=\"async\" width=\"900\" height=\"599\" src=\"https:\/\/sustainable-si.com\/wp-content\/uploads\/2025\/10\/Nuestra-experiencia-3.jpeg\" alt=\"\" class=\"wp-image-30\" style=\"aspect-ratio:1;object-fit:cover;width:196px;height:auto\" srcset=\"https:\/\/sustainable-si.com\/wp-content\/uploads\/2025\/10\/Nuestra-experiencia-3.jpeg 900w, https:\/\/sustainable-si.com\/wp-content\/uploads\/2025\/10\/Nuestra-experiencia-3-300x200.jpeg 300w, https:\/\/sustainable-si.com\/wp-content\/uploads\/2025\/10\/Nuestra-experiencia-3-768x511.jpeg 768w, https:\/\/sustainable-si.com\/wp-content\/uploads\/2025\/10\/Nuestra-experiencia-3-600x400.jpeg 600w\" sizes=\"auto, (max-width: 900px) 100vw, 900px\" \/><\/figure>\n<\/div>\n\n\n<h3 class=\"wp-block-heading has-text-align-center\" style=\"text-transform:none\">Transporte terrestre, mar\u00edtimo y aviaci\u00f3n<\/h3>\n<\/div><\/div>\n\n\n\n<div class=\"wp-block-genesis-blocks-gb-column gb-block-layout-column\"><div class=\"gb-block-layout-column-inner\"><div class=\"wp-block-image is-style-rounded\">\n<figure class=\"aligncenter size-large is-resized\"><img loading=\"lazy\" decoding=\"async\" width=\"819\" height=\"1024\" src=\"https:\/\/sustainable-si.com\/wp-content\/uploads\/2025\/10\/Nuestra-experiencia-4-819x1024.jpeg\" alt=\"\" class=\"wp-image-31\" style=\"aspect-ratio:1;object-fit:cover;width:196px;height:auto\" srcset=\"https:\/\/sustainable-si.com\/wp-content\/uploads\/2025\/10\/Nuestra-experiencia-4-819x1024.jpeg 819w, https:\/\/sustainable-si.com\/wp-content\/uploads\/2025\/10\/Nuestra-experiencia-4-240x300.jpeg 240w, https:\/\/sustainable-si.com\/wp-content\/uploads\/2025\/10\/Nuestra-experiencia-4-768x960.jpeg 768w, https:\/\/sustainable-si.com\/wp-content\/uploads\/2025\/10\/Nuestra-experiencia-4-300x375.jpeg 300w, https:\/\/sustainable-si.com\/wp-content\/uploads\/2025\/10\/Nuestra-experiencia-4.jpeg 900w\" sizes=\"auto, (max-width: 819px) 100vw, 819px\" \/><\/figure>\n<\/div>\n\n\n<h3 class=\"wp-block-heading has-text-align-center\" style=\"text-transform:none\">General (educaci\u00f3n, hospitales, edificios, otros).<\/h3>\n<\/div><\/div>\n<\/div><\/div>\n<\/div><\/div>\n<\/div><\/div>\n\n\n\n<div style=\"padding-bottom:2%\" class=\"wp-block-genesis-blocks-gb-container gb-block-container alignfull\"><div class=\"gb-container-inside\"><div class=\"gb-container-content\" style=\"max-width:1200px\">\n<h2 class=\"wp-block-heading bold-text fade-in-up\" style=\"font-size:40px\">Normas y programas de verificaci\u00f3n<\/h2>\n\n\n\n<p class=\"fade-in-up has-text-color has-link-color wp-elements-9e93d982b8a8b01bb43f3bb1fa50b259\" style=\"color:#000000\">Ofrecemos nuestros servicios para la verificaci\u00f3n de inventarios de GEI bajo los siguientes programas:<\/p>\n\n\n\n<hr class=\"wp-block-separator has-css-opacity is-style-default fade-in-up\"\/>\n\n\n\n<div class=\"wp-block-columns has-3-columns fade-in-up is-layout-flex wp-container-core-columns-is-layout-9d6595d7 wp-block-columns-is-layout-flex\">\n<div class=\"wp-block-column is-layout-flow wp-block-column-is-layout-flow\">\n<figure class=\"wp-block-image size-large is-style-default\"><img loading=\"lazy\" decoding=\"async\" width=\"1024\" height=\"683\" src=\"https:\/\/sustainable-si.com\/wp-content\/uploads\/2025\/10\/Normas-y-programas-de-verificacion-1024x683.jpeg\" alt=\"\" class=\"wp-image-17\" srcset=\"https:\/\/sustainable-si.com\/wp-content\/uploads\/2025\/10\/Normas-y-programas-de-verificacion-1024x683.jpeg 1024w, https:\/\/sustainable-si.com\/wp-content\/uploads\/2025\/10\/Normas-y-programas-de-verificacion-300x200.jpeg 300w, https:\/\/sustainable-si.com\/wp-content\/uploads\/2025\/10\/Normas-y-programas-de-verificacion-768x513.jpeg 768w, https:\/\/sustainable-si.com\/wp-content\/uploads\/2025\/10\/Normas-y-programas-de-verificacion-600x400.jpeg 600w, https:\/\/sustainable-si.com\/wp-content\/uploads\/2025\/10\/Normas-y-programas-de-verificacion-1200x801.jpeg 1200w, https:\/\/sustainable-si.com\/wp-content\/uploads\/2025\/10\/Normas-y-programas-de-verificacion-1400x934.jpeg 1400w, https:\/\/sustainable-si.com\/wp-content\/uploads\/2025\/10\/Normas-y-programas-de-verificacion.jpeg 1500w\" sizes=\"auto, (max-width: 1024px) 100vw, 1024px\" \/><\/figure>\n\n\n\n<div class=\"wp-block-buttons is-content-justification-left is-layout-flex wp-container-core-buttons-is-layout-fdcfc74e wp-block-buttons-is-layout-flex\">\n<div class=\"wp-block-button\"><a class=\"wp-block-button__link has-theme-primary-background-color has-background has-normal-font-size has-custom-font-size wp-element-button\" href=\"https:\/\/sustainable-si.com\/?page_id=86\" style=\"font-style:normal;font-weight:700;letter-spacing:2px\">SOLICITA tu cotizaci\u00f3n<\/a><\/div>\n<\/div>\n<\/div>\n\n\n\n<div class=\"wp-block-column is-layout-flow wp-block-column-is-layout-flow\">\n<h3 class=\"wp-block-heading\"><strong>M\u00e9xico<\/strong><\/h3>\n\n\n\n<ul class=\"wp-block-list\">\n<li>Registro Nacional de Emisiones (<strong>RENE<\/strong>)<\/li>\n\n\n\n<li>Sistema de Comercio de Emisiones (<strong>SCE<\/strong>)<\/li>\n\n\n\n<li>Impuesto por la Emisi\u00f3n de Gases a la Atm\u00f3sfera de Quer\u00e9taro (SEDESU)<\/li>\n<\/ul>\n<\/div>\n\n\n\n<div class=\"wp-block-column is-layout-flow wp-block-column-is-layout-flow\">\n<h3 class=\"wp-block-heading\"><strong>internacionales o voluntarios<\/strong><\/h3>\n\n\n\n<ul class=\"wp-block-list\">\n<li>ISO 14064-1:2018<\/li>\n\n\n\n<li>GHG Protocol<\/li>\n\n\n\n<li>RTH Corporativo (Panam\u00e1)<\/li>\n\n\n\n<li>CDP<\/li>\n\n\n\n<li>Otros programas voluntarios<\/li>\n<\/ul>\n<\/div>\n<\/div>\n<\/div><\/div><\/div>\n<\/div><\/div><\/div>\n\n\n\n<p><\/p>\n","protected":false},"excerpt":{"rendered":"<p>Proceso de verificaci\u00f3n Consiste en verificar que la informaci\u00f3n reportada en el inventario de emisiones de GEI sea correcta, rastreable y cumpla con los establecido en los criterios seleccionados. Se realiza una revisi\u00f3n documental de evidencias, as\u00ed como una visita a sitio en donde se conocen los procesos y se entrevista al personal encargado. Posteriormente, [&hellip;]<\/p>\n","protected":false},"author":2,"featured_media":0,"parent":0,"menu_order":0,"comment_status":"closed","ping_status":"closed","template":"","meta":{"_genesis_hide_title":true,"_genesis_hide_breadcrumbs":true,"_genesis_hide_singular_image":true,"_genesis_hide_footer_widgets":false,"_genesis_custom_body_class":"","_genesis_custom_post_class":"","_genesis_layout":"full-width-content","footnotes":""},"class_list":{"0":"post-82","1":"page","2":"type-page","3":"status-publish","5":"entry"},"featured_image_src":null,"featured_image_src_square":null,"_links":{"self":[{"href":"https:\/\/sustainable-si.com\/index.php?rest_route=\/wp\/v2\/pages\/82","targetHints":{"allow":["GET"]}}],"collection":[{"href":"https:\/\/sustainable-si.com\/index.php?rest_route=\/wp\/v2\/pages"}],"about":[{"href":"https:\/\/sustainable-si.com\/index.php?rest_route=\/wp\/v2\/types\/page"}],"author":[{"embeddable":true,"href":"https:\/\/sustainable-si.com\/index.php?rest_route=\/wp\/v2\/users\/2"}],"replies":[{"embeddable":true,"href":"https:\/\/sustainable-si.com\/index.php?rest_route=%2Fwp%2Fv2%2Fcomments&post=82"}],"version-history":[{"count":0,"href":"https:\/\/sustainable-si.com\/index.php?rest_route=\/wp\/v2\/pages\/82\/revisions"}],"wp:attachment":[{"href":"https:\/\/sustainable-si.com\/index.php?rest_route=%2Fwp%2Fv2%2Fmedia&parent=82"}],"curies":[{"name":"wp","href":"https:\/\/api.w.org\/{rel}","templated":true}]}}