{"id":81,"date":"2025-10-21T17:32:26","date_gmt":"2025-10-21T17:32:26","guid":{"rendered":"https:\/\/ssidesarrollo.wpenginepowered.com\/?page_id=81"},"modified":"2025-11-05T22:41:01","modified_gmt":"2025-11-05T22:41:01","slug":"homepage","status":"publish","type":"page","link":"https:\/\/sustainable-si.com\/","title":{"rendered":"Inicio"},"content":{"rendered":"\n<div class=\"wp-block-cover alignfull\" style=\"min-height:667px;aspect-ratio:unset;\"><img loading=\"lazy\" decoding=\"async\" width=\"825\" height=\"544\" class=\"wp-block-cover__image-background wp-image-18\" alt=\"\" src=\"https:\/\/sustainable-si.com\/wp-content\/uploads\/2025\/10\/Quote-inicio.png\" style=\"object-position:55% 30%\" data-object-fit=\"cover\" data-object-position=\"55% 30%\" srcset=\"https:\/\/sustainable-si.com\/wp-content\/uploads\/2025\/10\/Quote-inicio.png 825w, https:\/\/sustainable-si.com\/wp-content\/uploads\/2025\/10\/Quote-inicio-300x198.png 300w, https:\/\/sustainable-si.com\/wp-content\/uploads\/2025\/10\/Quote-inicio-768x506.png 768w\" sizes=\"auto, (max-width: 825px) 100vw, 825px\" \/><span aria-hidden=\"true\" class=\"wp-block-cover__background has-background-dim-60 has-background-dim\"><\/span><div class=\"wp-block-cover__inner-container is-layout-flow wp-block-cover-is-layout-flow\"><style>@media only screen and (max-width: 600px) {.gb-69f1b2e526577{font-size: 26px!important;}}<\/style>\n<h1 class=\"gb-69f1b2e526577 wp-block-heading alignwide has-text-align-left bold-heading-text fade-in-up\" style=\"font-size:60px;line-height:1.2\">Verificaciones de Inventarios de Gases de Efecto Invernadero<\/h1>\n\n\n<style>.gb-69f1b2e52878d{font-size: 18px;}@media only screen and (max-width: 600px) {.gb-69f1b2e52878d{font-size: 14px!important;line-height: 1.6!important;}}<\/style>\n<h2 class=\"gb-69f1b2e52878d wp-block-heading alignwide has-normal-font-size\" style=\"line-height:4\"><strong><em>&#8220;El calentamiento global no es una amenaza futura: es la realidad actual&#8221;<\/em> &#8211; Bill McKibben<\/strong><\/h2>\n\n\n\n<div class=\"wp-block-buttons alignwide has-custom-font-size has-normal-font-size is-layout-flex wp-block-buttons-is-layout-flex\">\n<div class=\"wp-block-button is-style-fill\"><a class=\"wp-block-button__link has-theme-primary-background-color has-background wp-element-button\" href=\"https:\/\/sustainable-si.com\/?page_id=86\" style=\"font-style:normal;font-weight:900;letter-spacing:5%;line-height:1.5\"><strong>Solicita tu cotizaci\u00f3n<\/strong><\/a><\/div>\n<\/div>\n<\/div><\/div>\n\n\n\n<div style=\"height:51px\" aria-hidden=\"true\" class=\"wp-block-spacer\"><\/div>\n\n\n\n<div class=\"wp-block-media-text alignwide has-media-on-the-right is-stacked-on-mobile is-vertically-aligned-center is-style-default\" style=\"grid-template-columns:auto 26%\"><div class=\"wp-block-media-text__content\">\n<h2 class=\"wp-block-heading bold-text fade-in-up has-text-color\" style=\"color:#000000;font-size:35px\"><strong>Sobre Sustainable Solutions:<\/strong><\/h2>\n\n\n\n<p class=\"has-text-color has-normal-font-size\" style=\"color:#000000;line-height:1.4\">Tenemos 10 a\u00f1os realizando verificaciones en M\u00e9xico y Latinoam\u00e9rica, siendo <strong>uno de los primeros Organismos Verificadores de Emisiones GEI en M\u00e9xico<\/strong> acreditados por la entidad mexicana de acreditaci\u00f3n bajo la ISO 17029:2019, 14065:2020 y 14064-3:2019.<\/p>\n\n\n\n<p class=\"has-text-color has-normal-font-size\" style=\"color:#000000;line-height:1.4\">Tambi\u00e9n contamos con la aprobaci\u00f3n de la Procuradur\u00eda Federal de Protecci\u00f3n al Ambiente (PROFEPA) para realizar verificaciones en el marco del Registro Nacional de Emisiones (<strong>RENE<\/strong>) y el Sistema de Comercio de Emisiones (<strong>SCE<\/strong>).<\/p>\n\n\n\n<p class=\"has-text-color has-normal-font-size\" style=\"color:#000000;line-height:1.4\">Brindamos a nuestros clientes un <strong>servicio profesional y de calidad<\/strong>, con el fin de confirmar los resultados de sus inventarios de emisiones conforme al criterio de verificaci\u00f3n seleccionado, ya sea para fines de cumplimiento voluntario o del marco legal nacional. Los fundamentos que rigen nuestro trabajo son la integridad, imparcialidad, \u00e9tica y seguridad.&nbsp;&nbsp;<\/p>\n<\/div><figure class=\"wp-block-media-text__media\"><img loading=\"lazy\" decoding=\"async\" width=\"494\" height=\"630\" src=\"https:\/\/sustainable-si.com\/wp-content\/uploads\/2025\/10\/Screenshot-2025-10-21-121432.png\" alt=\"\" class=\"wp-image-105 size-full\" srcset=\"https:\/\/sustainable-si.com\/wp-content\/uploads\/2025\/10\/Screenshot-2025-10-21-121432.png 494w, https:\/\/sustainable-si.com\/wp-content\/uploads\/2025\/10\/Screenshot-2025-10-21-121432-235x300.png 235w\" sizes=\"auto, (max-width: 494px) 100vw, 494px\" \/><\/figure><\/div>\n\n\n\n<h2 class=\"wp-block-heading has-text-align-center bold-text fade-in-up\" style=\"font-size:35px\"><strong>Algunos de nuestros logros:<\/strong><\/h2>\n\n\n\n<figure class=\"wp-block-image alignwide size-full\"><img loading=\"lazy\" decoding=\"async\" width=\"1185\" height=\"451\" src=\"https:\/\/sustainable-si.com\/wp-content\/uploads\/2025\/10\/Screenshot-2025-10-21-124414.png\" alt=\"\" class=\"wp-image-110\" srcset=\"https:\/\/sustainable-si.com\/wp-content\/uploads\/2025\/10\/Screenshot-2025-10-21-124414.png 1185w, https:\/\/sustainable-si.com\/wp-content\/uploads\/2025\/10\/Screenshot-2025-10-21-124414-300x114.png 300w, https:\/\/sustainable-si.com\/wp-content\/uploads\/2025\/10\/Screenshot-2025-10-21-124414-1024x390.png 1024w, https:\/\/sustainable-si.com\/wp-content\/uploads\/2025\/10\/Screenshot-2025-10-21-124414-768x292.png 768w\" sizes=\"auto, (max-width: 1185px) 100vw, 1185px\" \/><\/figure>\n\n\n\n<div class=\"wp-block-genesis-blocks-gb-columns gb-layout-service-4 gb-layout-columns-2 gb-2-col-equal gb-columns-center alignfull\" style=\"padding-right:5%;padding-left:5%\"><div class=\"gb-layout-column-wrap gb-block-layout-column-gap-2 gb-is-responsive-column\" style=\"max-width:1295px\">\n<div class=\"wp-block-genesis-blocks-gb-column gb-block-layout-column\"><div class=\"gb-block-layout-column-inner\">\n<h2 class=\"wp-block-heading bold-text fade-in-up\" style=\"font-size:35px\"><strong>Normas y programas de verificaci\u00f3n<\/strong><\/h2>\n\n\n\n<p style=\"font-size:22px;line-height:1.6\">Ofrecemos nuestros servicios para la verificaci\u00f3n de inventarios de GEI bajo los siguientes programas:<\/p>\n\n\n\n<div style=\"color:#ddd\" class=\"wp-block-genesis-blocks-gb-spacer gb-block-spacer gb-divider-solid gb-spacer-divider gb-divider-size-1\"><hr style=\"height:6px\"\/><\/div>\n\n\n\n<h3 class=\"wp-block-heading\" style=\"line-height:0\">M\u00e9xico<\/h3>\n\n\n\n<ul class=\"wp-block-list\">\n<li style=\"line-height:1.5\">Registro Nacional de Emisiones (<strong>RENE<\/strong>)<\/li>\n\n\n\n<li style=\"line-height:1.5\">Sistema de Comercio de Emisiones (<strong>SCE<\/strong>)<\/li>\n\n\n\n<li style=\"line-height:1.5\">Impuesto por la Emisi\u00f3n de Gases a la Atm\u00f3sfera de Quer\u00e9taro (SEDESU)<\/li>\n<\/ul>\n\n\n\n<h3 class=\"wp-block-heading\" style=\"line-height:0\">Internacionales y voluntarios<\/h3>\n\n\n\n<ul class=\"wp-block-list\">\n<li style=\"line-height:1.5\">ISO 14064-1:2018<\/li>\n\n\n\n<li style=\"line-height:1.5\">GHG Protocol<\/li>\n\n\n\n<li style=\"line-height:1.5\">RTH Corporativo (Panam\u00e1)<\/li>\n\n\n\n<li style=\"line-height:1.5\">CDP<\/li>\n\n\n\n<li style=\"line-height:1.5\">Otros programas voluntarios<\/li>\n<\/ul>\n\n\n\n<div class=\"wp-block-buttons alignwide has-custom-font-size has-normal-font-size is-layout-flex wp-block-buttons-is-layout-flex\">\n<div class=\"wp-block-button is-style-fill\"><a class=\"wp-block-button__link has-theme-primary-background-color has-background wp-element-button\" href=\"https:\/\/sustainable-si.com\/?page_id=86\" style=\"font-style:normal;font-weight:900;letter-spacing:5%;line-height:1.5\"><strong>Solicita tu cotizaci\u00f3n<\/strong><\/a><\/div>\n<\/div>\n\n\n\n<p><br><\/p>\n<\/div><\/div>\n\n\n\n<div class=\"wp-block-genesis-blocks-gb-column gb-block-layout-column\"><div class=\"gb-block-layout-column-inner\"><div class=\"wp-block-image\">\n<figure class=\"aligncenter size-full\"><img loading=\"lazy\" decoding=\"async\" width=\"1001\" height=\"1001\" src=\"https:\/\/sustainable-si.com\/wp-content\/uploads\/2025\/10\/Normas-y-programas-de-verificacion-edited-1.jpeg\" alt=\"\" class=\"wp-image-156\" srcset=\"https:\/\/sustainable-si.com\/wp-content\/uploads\/2025\/10\/Normas-y-programas-de-verificacion-edited-1.jpeg 1001w, https:\/\/sustainable-si.com\/wp-content\/uploads\/2025\/10\/Normas-y-programas-de-verificacion-edited-1-300x300.jpeg 300w, https:\/\/sustainable-si.com\/wp-content\/uploads\/2025\/10\/Normas-y-programas-de-verificacion-edited-1-150x150.jpeg 150w, https:\/\/sustainable-si.com\/wp-content\/uploads\/2025\/10\/Normas-y-programas-de-verificacion-edited-1-768x768.jpeg 768w, https:\/\/sustainable-si.com\/wp-content\/uploads\/2025\/10\/Normas-y-programas-de-verificacion-edited-1-80x80.jpeg 80w, https:\/\/sustainable-si.com\/wp-content\/uploads\/2025\/10\/Normas-y-programas-de-verificacion-edited-1-600x600.jpeg 600w\" sizes=\"auto, (max-width: 1001px) 100vw, 1001px\" \/><\/figure>\n<\/div><\/div><\/div>\n<\/div><\/div>\n\n\n\n<figure class=\"wp-block-image alignfull size-full is-style-default\"><img loading=\"lazy\" decoding=\"async\" width=\"1426\" height=\"606\" src=\"https:\/\/sustainable-si.com\/wp-content\/uploads\/2025\/10\/OTRO_CLI_008-1-edited.png\" alt=\"\" class=\"wp-image-153\" srcset=\"https:\/\/sustainable-si.com\/wp-content\/uploads\/2025\/10\/OTRO_CLI_008-1-edited.png 1426w, https:\/\/sustainable-si.com\/wp-content\/uploads\/2025\/10\/OTRO_CLI_008-1-edited-300x127.png 300w, https:\/\/sustainable-si.com\/wp-content\/uploads\/2025\/10\/OTRO_CLI_008-1-edited-1024x435.png 1024w, https:\/\/sustainable-si.com\/wp-content\/uploads\/2025\/10\/OTRO_CLI_008-1-edited-768x326.png 768w\" sizes=\"auto, (max-width: 1426px) 100vw, 1426px\" \/><\/figure>\n\n\n\n<div class=\"wp-block-cover aligncenter is-light gb-block-cta\" style=\"padding-top:2%;min-height:13em;aspect-ratio:unset;\"><span aria-hidden=\"true\" class=\"wp-block-cover__background has-white-background-color has-background-dim-100 has-background-dim\"><\/span><div class=\"wp-block-cover__inner-container is-layout-flow wp-block-cover-is-layout-flow\">\n<h2 class=\"wp-block-heading has-text-align-center has-text-color has-link-color wp-elements-342d411ce10623a30f720dc24ff122c3\" style=\"color:#000000;font-size:32px;line-height:1\">Cont\u00e1ctanos<\/h2>\n\n\n\n<p class=\"has-text-align-center has-text-color has-link-color wp-elements-8fc0241f8bb5ea7d150fad5628bbbe94\" style=\"color:#000000;line-height:1\">Si te interesa alguno de nuestros servicios o tienes alguna pregunta, d\u00e9janos un mensaje y con gusto te responderemos<\/p>\n\n\n\n<div class=\"wp-block-buttons is-content-justification-center is-layout-flex wp-container-core-buttons-is-layout-16018d1d wp-block-buttons-is-layout-flex\">\n<div class=\"wp-block-button gb-block-button\"><a class=\"wp-block-button__link has-theme-primary-background-color has-text-color has-background has-custom-font-size wp-element-button\" style=\"border-radius:5px;color:#ffffff;padding-top:10px;padding-right:1em;padding-bottom:10px;padding-left:1em;font-size:20px;letter-spacing:2px;line-height:1.2\"><strong>CONTACTO<\/strong><\/a><\/div>\n<\/div>\n<\/div><\/div>\n\n\n\n<p><\/p>\n","protected":false},"excerpt":{"rendered":"<p>Sobre Sustainable Solutions: Tenemos 10 a\u00f1os realizando verificaciones en M\u00e9xico y Latinoam\u00e9rica, siendo uno de los primeros Organismos Verificadores de Emisiones GEI en M\u00e9xico acreditados por la entidad mexicana de acreditaci\u00f3n bajo la ISO 17029:2019, 14065:2020 y 14064-3:2019. Tambi\u00e9n contamos con la aprobaci\u00f3n de la Procuradur\u00eda Federal de Protecci\u00f3n al Ambiente (PROFEPA) para realizar verificaciones [&hellip;]<\/p>\n","protected":false},"author":2,"featured_media":0,"parent":0,"menu_order":0,"comment_status":"closed","ping_status":"closed","template":"","meta":{"_genesis_hide_title":true,"_genesis_hide_breadcrumbs":true,"_genesis_hide_singular_image":true,"_genesis_hide_footer_widgets":false,"_genesis_custom_body_class":"","_genesis_custom_post_class":"","_genesis_layout":"full-width-content","footnotes":""},"class_list":{"0":"post-81","1":"page","2":"type-page","3":"status-publish","5":"entry"},"featured_image_src":null,"featured_image_src_square":null,"_links":{"self":[{"href":"https:\/\/sustainable-si.com\/index.php?rest_route=\/wp\/v2\/pages\/81","targetHints":{"allow":["GET"]}}],"collection":[{"href":"https:\/\/sustainable-si.com\/index.php?rest_route=\/wp\/v2\/pages"}],"about":[{"href":"https:\/\/sustainable-si.com\/index.php?rest_route=\/wp\/v2\/types\/page"}],"author":[{"embeddable":true,"href":"https:\/\/sustainable-si.com\/index.php?rest_route=\/wp\/v2\/users\/2"}],"replies":[{"embeddable":true,"href":"https:\/\/sustainable-si.com\/index.php?rest_route=%2Fwp%2Fv2%2Fcomments&post=81"}],"version-history":[{"count":0,"href":"https:\/\/sustainable-si.com\/index.php?rest_route=\/wp\/v2\/pages\/81\/revisions"}],"wp:attachment":[{"href":"https:\/\/sustainable-si.com\/index.php?rest_route=%2Fwp%2Fv2%2Fmedia&parent=81"}],"curies":[{"name":"wp","href":"https:\/\/api.w.org\/{rel}","templated":true}]}}