{"id":117,"date":"2025-10-21T18:59:46","date_gmt":"2025-10-21T18:59:46","guid":{"rendered":"https:\/\/ssidesarrollo.wpenginepowered.com\/?page_id=117"},"modified":"2025-11-05T22:29:38","modified_gmt":"2025-11-05T22:29:38","slug":"servicios","status":"publish","type":"page","link":"https:\/\/sustainable-si.com\/?page_id=117","title":{"rendered":"Servicios"},"content":{"rendered":"\n<div class=\"wp-block-media-text alignfull is-stacked-on-mobile gb-slate-section-media-and-text gb-slate-section-media-text has-background\" style=\"background-color:#ffffff;grid-template-columns:45% auto\"><figure class=\"wp-block-media-text__media\"><img loading=\"lazy\" decoding=\"async\" width=\"720\" height=\"480\" src=\"https:\/\/sustainable-si.com\/wp-content\/uploads\/2025\/10\/Verificacion-GEI.jpg\" alt=\"\" class=\"wp-image-46 size-full\" srcset=\"https:\/\/sustainable-si.com\/wp-content\/uploads\/2025\/10\/Verificacion-GEI.jpg 720w, https:\/\/sustainable-si.com\/wp-content\/uploads\/2025\/10\/Verificacion-GEI-300x200.jpg 300w, https:\/\/sustainable-si.com\/wp-content\/uploads\/2025\/10\/Verificacion-GEI-600x400.jpg 600w\" sizes=\"auto, (max-width: 720px) 100vw, 720px\" \/><\/figure><div class=\"wp-block-media-text__content\">\n<div style=\"height:20px\" aria-hidden=\"true\" class=\"wp-block-spacer\"><\/div>\n\n\n\n<h2 class=\"wp-block-heading has-text-color\" style=\"color:#1f1f1f\"><strong>Verificaci\u00f3n de Inventario GEI<\/strong><\/h2>\n\n\n\n<p class=\"has-text-color\" style=\"color:#1f1f1f\">Contamos con un equipo de verificadores acreditados por la EMA y aprobados por la PROFEPA que realizan verificaciones de inventarios de gases de efecto invernadero bajo la norma ISO 14064-3.<\/p>\n\n\n\n<div class=\"wp-block-buttons is-layout-flex wp-block-buttons-is-layout-flex\">\n<div class=\"wp-block-button has-custom-width wp-block-button__width-25 is-style-fill\"><a class=\"wp-block-button__link has-theme-primary-background-color has-text-color has-background has-custom-font-size wp-element-button\" href=\"https:\/\/sustainable-si.com\/?page_id=82\" style=\"border-radius:4px;color:#ffffff;font-size:14px;font-style:normal;font-weight:800;letter-spacing:2px\"><strong>CONOCE m\u00e1s<\/strong><\/a><\/div>\n<\/div>\n<\/div><\/div>\n\n\n\n<div class=\"wp-block-genesis-blocks-gb-columns gb-layout-service-2 gb-layout-columns-1 one-column gb-has-custom-background-color gb-columns-center alignfull\" style=\"padding-top:5%;padding-right:5%;padding-bottom:5%;padding-left:5%;background-color:#f1f1f1\"><div class=\"gb-layout-column-wrap gb-block-layout-column-gap-2 gb-is-responsive-column\" style=\"max-width:1200px\">\n<div class=\"wp-block-genesis-blocks-gb-column gb-block-layout-column\"><div class=\"gb-block-layout-column-inner\">\n<div style=\"margin-bottom:5%\" class=\"wp-block-genesis-blocks-gb-container gb-block-container\"><div class=\"gb-container-inside\"><div class=\"gb-container-content\" style=\"max-width:700px\">\n<h2 class=\"wp-block-heading has-text-align-center\"><strong>Cursos y capacitaciones<\/strong><\/h2>\n\n\n\n<p class=\"has-text-align-center\">Ofrecemos cursos y capacitaciones en materia ambiental. Garantizamos que tanto l\u00edderes como colaboradores en \u00e1reas de sostenibilidad y medio ambiente lleven a cabo una oportuna y correcta gesti\u00f3n ambiental en sus empresas.<\/p>\n<\/div><\/div><\/div>\n\n\n\n<div class=\"wp-block-genesis-blocks-gb-columns gb-layout-columns-4 gb-4-col-equal\"><div class=\"gb-layout-column-wrap gb-block-layout-column-gap-2 gb-is-responsive-column\">\n<div class=\"wp-block-genesis-blocks-gb-column gb-block-layout-column\"><div class=\"gb-block-layout-column-inner\">\n<h3 class=\"wp-block-heading has-text-align-center has-theme-primary-color has-text-color has-link-color wp-elements-3cd62bc1052c5453a345771e35ae7ea1\"><strong>Registro Nacional de Emisiones y Sistema de Comercio de Emisiones<\/strong><\/h3>\n\n\n\n<p class=\"has-text-align-center\">Conoce sobre las regulaciones nacionales de reporte y reducci\u00f3n de emisiones GEI. Incluyendo los lineamientos del RENE y el SCE, la elaboraci\u00f3n y reporte de un inventario de emisiones en la COA y la preparaci\u00f3n para una verificaci\u00f3n.<\/p>\n<\/div><\/div>\n\n\n\n<div class=\"wp-block-genesis-blocks-gb-column gb-block-layout-column\"><div class=\"gb-block-layout-column-inner\">\n<h3 class=\"wp-block-heading has-text-align-center has-theme-primary-color has-text-color has-link-color wp-elements-b94b696f4b0bae11080590cebe59e2fe\"><strong>Inventario de Emisiones GEI<\/strong><\/h3>\n\n\n\n<p class=\"has-text-align-center\">Aprende como realizar un inventario de emisiones GEI a nivel empresarial, desde la selecci\u00f3n de fuentes de emisi\u00f3n, metodolog\u00edas de c\u00e1lculo y factores de emisi\u00f3n hasta los requisitos de reporte seg\u00fan marcos normativos como la ISO 14064 y el GHG Protocol.<\/p>\n<\/div><\/div>\n\n\n\n<div class=\"wp-block-genesis-blocks-gb-column gb-block-layout-column\"><div class=\"gb-block-layout-column-inner\">\n<h3 class=\"wp-block-heading has-text-align-center has-theme-primary-color has-text-color has-link-color wp-elements-6c0f34004ad4ae560b51818cdcc4db38\"><strong>Otros programas de reporte de GEI<\/strong><\/h3>\n\n\n\n<p class=\"has-text-align-center\">Conoce sobre otros programas de reporte de emisiones GEI, incluyendo el CDP, SBTi y metodolog\u00edas para elaborar inventarios de emisiones de proyectos. <\/p>\n<\/div><\/div>\n\n\n\n<div class=\"wp-block-genesis-blocks-gb-column gb-block-layout-column\"><div class=\"gb-block-layout-column-inner\">\n<h3 class=\"wp-block-heading has-text-align-center has-theme-primary-color has-text-color has-link-color wp-elements-9ecbd065255ff4e42903d3376ed6fd11\"><strong>Cursos personalizados<\/strong><\/h3>\n\n\n\n<p class=\"has-text-align-center\">Cu\u00e9ntanos de tus necesidades y nosotros nos encargamos de preparar un curso especializado para tu empresa. <\/p>\n<\/div><\/div>\n<\/div><\/div>\n\n\n\n<div class=\"wp-block-buttons is-content-justification-center is-layout-flex wp-container-core-buttons-is-layout-16018d1d wp-block-buttons-is-layout-flex\">\n<div class=\"wp-block-button gb-block-button\"><a class=\"wp-block-button__link has-theme-primary-background-color has-text-color has-background has-custom-font-size wp-element-button\" href=\"https:\/\/sustainable-si.com\/?page_id=85\" style=\"border-radius:5px;color:#ffffff;padding-top:10px;padding-right:1.2em;padding-bottom:10px;padding-left:1.2em;font-size:26px;letter-spacing:2px;line-height:1.8\"><strong>Contacto<\/strong><\/a><\/div>\n<\/div>\n<\/div><\/div>\n<\/div><\/div>\n","protected":false},"excerpt":{"rendered":"","protected":false},"author":2,"featured_media":0,"parent":0,"menu_order":0,"comment_status":"closed","ping_status":"closed","template":"","meta":{"_genesis_hide_title":true,"_genesis_hide_breadcrumbs":false,"_genesis_hide_singular_image":false,"_genesis_hide_footer_widgets":false,"_genesis_custom_body_class":"","_genesis_custom_post_class":"","_genesis_layout":"","footnotes":""},"class_list":{"0":"post-117","1":"page","2":"type-page","3":"status-publish","5":"entry"},"featured_image_src":null,"featured_image_src_square":null,"_links":{"self":[{"href":"https:\/\/sustainable-si.com\/index.php?rest_route=\/wp\/v2\/pages\/117","targetHints":{"allow":["GET"]}}],"collection":[{"href":"https:\/\/sustainable-si.com\/index.php?rest_route=\/wp\/v2\/pages"}],"about":[{"href":"https:\/\/sustainable-si.com\/index.php?rest_route=\/wp\/v2\/types\/page"}],"author":[{"embeddable":true,"href":"https:\/\/sustainable-si.com\/index.php?rest_route=\/wp\/v2\/users\/2"}],"replies":[{"embeddable":true,"href":"https:\/\/sustainable-si.com\/index.php?rest_route=%2Fwp%2Fv2%2Fcomments&post=117"}],"version-history":[{"count":0,"href":"https:\/\/sustainable-si.com\/index.php?rest_route=\/wp\/v2\/pages\/117\/revisions"}],"wp:attachment":[{"href":"https:\/\/sustainable-si.com\/index.php?rest_route=%2Fwp%2Fv2%2Fmedia&parent=117"}],"curies":[{"name":"wp","href":"https:\/\/api.w.org\/{rel}","templated":true}]}}